{"id":1376935,"date":"2025-02-13T21:37:28","date_gmt":"2025-02-13T21:37:28","guid":{"rendered":"https:\/\/carldora.slideshow.com.pt\/?page_id=1376935"},"modified":"2025-09-15T14:10:02","modified_gmt":"2025-09-15T14:10:02","slug":"institucional_v2","status":"publish","type":"page","link":"https:\/\/carldora.com\/fr\/institucional_v2\/","title":{"rendered":"Institucional v2"},"content":{"rendered":"<div class=\"et_pb_section_0 et_pb_section et_section_regular et_block_section preset--group--divi-section--divi-box-shadow--default\"><div class=\"et_pb_row_0 et_pb_row et_block_row preset--group--divi-row--divi-box-shadow--default\"><div class=\"et_pb_column_0 et_pb_column et_pb_column_4_4 et-last-child et_block_column et_pb_css_mix_blend_mode_passthrough preset--group--divi-column--divi-box-shadow--default\"><\/div><\/div><\/div><div class=\"et_pb_section_1 et_pb_section et_section_regular et_block_section preset--group--divi-section--divi-box-shadow--default\" id=\"mensagem\"><div class=\"et_pb_row_1 et_pb_row et-vb-row--no-module et_pb_equal_columns et_pb_gutters1 et_block_row preset--group--divi-row--divi-box-shadow--default\"><div class=\"et_d4_element et_pb_column_1_2 et_pb_column et_pb_column_7  et_pb_css_mix_blend_mode et_block_column\">\n\t\t\t\t\n\t\t\t\t\n\t\t\t\t\n\t\t\t\t\n\t\t\t\t<div id=\"historia\" class=\"et_pb_module et_d4_element et_pb_heading et_pb_heading_2 et_pb_bg_layout_\">\n\t\t\t\t\n\t\t\t\t\n\t\t\t\t\n\t\t\t\t\n\t\t\t\t<div class=\"et_pb_heading_container\"><h1 class=\"et_pb_module_heading\">Bienvenue \u00e0 Carldora<\/h1><\/div>\n\t\t\t<\/div><div class=\"et_pb_module et_d4_element et_pb_text et_pb_text_0  et_pb_text_align_left et_pb_bg_layout_light\">\n\t\t\t\t\n\t\t\t\t\n\t\t\t\t\n\t\t\t\t\n\t\t\t\t<div class=\"et_pb_text_inner\"><p>Na CARLDORA, acreditamos que a inova\u00e7\u00e3o \u00e9 a chave para o sucesso. Estamos constantemente a explorar novas tecnologias e m\u00e9todos de fabrico que nos permitem oferecer solu\u00e7\u00f5es ainda mais eficientes e seguras para os nossos clientes. A nossa equipa de especialistas est\u00e1 dedicada a garantir que cada produto que fabricamos n\u00e3o s\u00f3 atende, mas supera as expectativas do mercado. Com um compromisso firme com a qualidade e a sustentabilidade, trabalhamos para construir um futuro melhor, onde as nossas estruturas n\u00e3o s\u00e3o apenas funcionais, mas tamb\u00e9m amigas do ambiente. Junte-se a n\u00f3s nesta jornada e descubra como a CARLDORA pode transformar o seu projeto em realidade.<\/p><\/div>\n\t\t\t<\/div>\n\t\t\t<\/div><div class=\"et_d4_element et_pb_column_1_2 et_pb_column et_pb_column_8  et_pb_css_mix_blend_mode et_block_column\">\n\t\t\t\t\n\t\t\t\t\n\t\t\t\t\n\t\t\t\t\n\t\t\t\t<div class=\"et_pb_module et_d4_element et_pb_image et_pb_image_1\">\n\t\t\t\t\n\t\t\t\t\n\t\t\t\t\n\t\t\t\t\n\t\t\t\t<span class=\"et_pb_image_wrap\"><img decoding=\"async\" src=\"https:\/\/carldora.com\/wp-content\/uploads\/2024\/11\/carldora_fachada3d.jpg\" alt=\"\" title=\"carldora_fachada3d\" \/><\/span>\n\t\t\t<\/div>\n\t\t\t<\/div><\/div><\/div><div class=\"et_pb_section_2 et_pb_section et_section_regular et_block_section preset--group--divi-section--divi-box-shadow--default\" id=\"historia\"><span class=\"et_pb_background_pattern\"><\/span><div class=\"et_pb_row_2 et_pb_row et_block_row preset--group--divi-row--divi-box-shadow--default\"><div class=\"et_pb_column_1 et_pb_column et_pb_column_4_4 et-last-child et_block_column et_pb_css_mix_blend_mode_passthrough preset--group--divi-column--divi-box-shadow--default\"><div class=\"et_pb_heading_0 et_pb_heading et_pb_module et_flex_module preset--group--divi-heading--divi-box-shadow--default\" id=\"historia\"><div class=\"et_pb_heading_container\"><h1 class=\"et_pb_module_header\">Notre histoire<\/h1><\/div><\/div><\/div><\/div><div class=\"et_pb_row_3 et_pb_row et_block_row preset--group--divi-row--divi-box-shadow--default\"><div class=\"et_pb_column_2 et_pb_column et_pb_column_4_4 et-last-child et_block_column et_pb_css_mix_blend_mode_passthrough preset--group--divi-column--divi-box-shadow--default\"><\/div><\/div><\/div><div class=\"et_pb_section_3 et_pb_section et_section_regular et_block_section preset--group--divi-section--divi-box-shadow--default\" id=\"organograma\"><span class=\"et_pb_background_pattern\"><\/span><div class=\"et_pb_row_4 et_pb_row et_block_row preset--group--divi-row--divi-box-shadow--default\"><div class=\"et_pb_column_3 et_pb_column et_pb_column_4_4 et-last-child et_block_column et_pb_css_mix_blend_mode_passthrough preset--group--divi-column--divi-box-shadow--default\"><div class=\"et_pb_heading_1 et_pb_heading et_pb_module et_flex_module preset--group--divi-heading--divi-box-shadow--default\" id=\"historia\"><div class=\"et_pb_heading_container\"><h1 class=\"et_pb_module_header\">Organigramme<\/h1><\/div><\/div><div class=\"et_pb_image_0 et_pb_image et_pb_module et_flex_module preset--group--divi-image--divi-box-shadow--default\"><span class=\"et_pb_image_wrap\"><img decoding=\"async\" src=\"https:\/\/carldora.com\/wp-content\/uploads\/2024\/12\/carldora_organograma_pb_max_b.svg\" title=\"carldora_organograma_pb_min_b\" class=\"wp-image-1376787 wp-image-1376790\" \/><\/span><\/div><\/div><\/div><\/div><div class=\"et_pb_section_4 et_pb_section et_section_regular et_block_section preset--group--divi-section--divi-box-shadow--default\" id=\"missao\"><div class=\"et_pb_row_5 et_pb_row et_pb_equal_columns et_pb_gutters1 et_block_row preset--group--divi-row--divi-box-shadow--default\"><div class=\"et_pb_column_4 et_pb_column et_pb_column_1_3 et_block_column et_pb_css_mix_blend_mode_passthrough preset--group--divi-column--divi-box-shadow--default\"><div class=\"et_pb_blurb_0 et_pb_blurb et_pb_bg_layout_dark et_pb_text_align_center et_pb_blurb_position_top et_animated et_pb_module et_flex_module preset--group--divi-blurb--divi-box-shadow--default preset--group--divi-blurb--divi-font-body--default\"><div class=\"et_pb_blurb_content et_flex_module\"><div class=\"et_pb_main_blurb_image\"><span class=\"et_pb_image_wrap et_pb_only_image_mode_wrap\"><img decoding=\"async\" src=\"https:\/\/carldora.com\/wp-content\/uploads\/2025\/02\/carldora_missao_A.svg\" class=\"et-waypoint et_pb_animation_top et_pb_animation_top_tablet et_pb_animation_top_phone\" \/><\/span><\/div><div class=\"et_pb_blurb_container\"><h4 class=\"et_pb_module_header\">La mission<\/h4><div class=\"et_pb_blurb_description\"><p>Fournir toujours les meilleures solutions en partant du principe que notre succ\u00e8s est une cons\u00e9quence directe de la satisfaction de nos clients.<\/p>\n<\/div><\/div><\/div><\/div><\/div><div class=\"et_pb_column_5 et_pb_column et_pb_column_1_3 et_block_column et_pb_css_mix_blend_mode_passthrough preset--group--divi-column--divi-box-shadow--default\"><div class=\"et_pb_blurb_1 et_pb_blurb et_pb_bg_layout_dark et_pb_text_align_center et_pb_blurb_position_top et_animated et_pb_module et_flex_module preset--group--divi-blurb--divi-box-shadow--default preset--group--divi-blurb--divi-font-body--default\"><div class=\"et_pb_blurb_content et_flex_module\"><div class=\"et_pb_main_blurb_image\"><span class=\"et_pb_image_wrap et_pb_only_image_mode_wrap\"><img decoding=\"async\" src=\"https:\/\/carldora.com\/wp-content\/uploads\/2025\/02\/carldora_visao_A.svg\" class=\"et-waypoint et_pb_animation_top et_pb_animation_top_tablet et_pb_animation_top_phone\" \/><\/span><\/div><div class=\"et_pb_blurb_container\"><h4 class=\"et_pb_module_header\">Vision<\/h4><div class=\"et_pb_blurb_description\"><p>S'efforcer en permanence d'\u00eatre le plus professionnel possible. Il ne devrait y avoir aucune situation pour laquelle nous n'avons pas de solution efficace.<\/p>\n<\/div><\/div><\/div><\/div><\/div><div class=\"et_pb_column_6 et_pb_column et_pb_column_1_3 et-last-child et_block_column et_pb_css_mix_blend_mode_passthrough preset--group--divi-column--divi-box-shadow--default\"><div class=\"et_pb_blurb_2 et_pb_blurb et_pb_bg_layout_dark et_pb_text_align_center et_pb_blurb_position_top et_animated et_pb_module et_flex_module preset--group--divi-blurb--divi-box-shadow--default preset--group--divi-blurb--divi-font-body--default\"><div class=\"et_pb_blurb_content et_flex_module\"><div class=\"et_pb_main_blurb_image\"><span class=\"et_pb_image_wrap et_pb_only_image_mode_wrap\"><img decoding=\"async\" src=\"https:\/\/carldora.com\/wp-content\/uploads\/2025\/02\/carldora_valores_A.svg\" class=\"et-waypoint et_pb_animation_top et_pb_animation_top_tablet et_pb_animation_top_phone\" \/><\/span><\/div><div class=\"et_pb_blurb_container\"><h4 class=\"et_pb_module_header\">Valeurs<\/h4><div class=\"et_pb_blurb_description\"><p>Notre persistance \u00e0 faire vivre nos maximes : Qualit\u00e9, Originalit\u00e9, Polyvalence. Faire toujours de notre mieux avec \u00e9thique, rigueur et comp\u00e9tence se traduit par un d\u00e9veloppement soutenu avec des valeurs mon\u00e9taires qui satisfont notre ambition.<\/p>\n<\/div><\/div><\/div><\/div><\/div><\/div><\/div><div class=\"et_pb_section_5 et_pb_section et_section_regular et_block_section preset--group--divi-section--divi-box-shadow--default\" id=\"carreiras\"><div class=\"et_pb_row_6 et_pb_row et-vb-row--no-module et_pb_equal_columns et_pb_gutters1 et_block_row preset--group--divi-row--divi-box-shadow--default\"><div class=\"et_d4_element et_pb_column_1_2 et_pb_column et_pb_column_9  et_pb_css_mix_blend_mode et_block_column\">\n\t\t\t\t\n\t\t\t\t\n\t\t\t\t\n\t\t\t\t\n\t\t\t\t<div id=\"historia\" class=\"et_pb_module et_d4_element et_pb_heading et_pb_heading_3 et_pb_bg_layout_\">\n\t\t\t\t\n\t\t\t\t\n\t\t\t\t\n\t\t\t\t\n\t\t\t\t<div class=\"et_pb_heading_container\"><h1 class=\"et_pb_module_heading\">Carri\u00e8res<\/h1><\/div>\n\t\t\t<\/div><div class=\"et_pb_module et_d4_element et_pb_text et_pb_text_1  et_pb_text_align_left et_pb_bg_layout_light\">\n\t\t\t\t\n\t\t\t\t\n\t\t\t\t\n\t\t\t\t\n\t\t\t\t<div class=\"et_pb_text_inner\"><p>Si vous souhaitez rejoindre l\u2019\u00e9quipe de Carldora, veuillez nous envoyer vos coordonn\u00e9es et votre CV, dans le formulaire, indiquez la cat\u00e9gorie pour laquelle vous postulez.<\/p><\/div>\n\t\t\t<\/div>\n\t\t\t<div id=\"et_pb_contact_form_0\" class=\"et_pb_module et_d4_element et_pb_contact_form_0 et_pb_contact_form_container clearfix et_block_module\" data-form_unique_num=\"0\" data-form_unique_id=\"3b910111-ca2a-4e6c-abfb-11fefc2fa976\">\n\t\t\t\t\n\t\t\t\t\n\t\t\t\t\n\t\t\t\t\n\t\t\t\t<h4 class=\"et_pb_contact_main_title\">Formul\u00e1rio de candidatura<\/h4>\n\t\t\t\t<div class=\"et-pb-contact-message\"><\/div>\n\t\t\t\t\n\t\t\t\t<div class=\"et_pb_contact\">\n\t\t\t\t\t<form class=\"et_pb_contact_form clearfix\" method=\"post\" action=\"https:\/\/carldora.com\/fr\/wp-json\/wp\/v2\/pages\/1376935\" data-trp-original-action=\"https:\/\/carldora.com\/fr\/wp-json\/wp\/v2\/pages\/1376935\">\n\t\t\t\t\t\t<p class=\"et_d4_element et_pb_contact_field et_pb_contact_field_0 et_pb_contact_field_half\" data-id=\"nome\" data-type=\"input\">\n\t\t\t\t\n\t\t\t\t\n\t\t\t\t\n\t\t\t\t\n\t\t\t\t<label for=\"et_pb_contact_nome_0\" class=\"et_pb_contact_form_label\">Nom<\/label>\n\t\t\t\t<input type=\"text\" id=\"et_pb_contact_nome_0\" class=\"input\" value=\"\" name=\"et_pb_contact_nome_0\" data-required_mark=\"required\" data-field_type=\"input\" data-original_id=\"nome\" placeholder=\"Nom\">\n\t\t\t<\/p><p class=\"et_d4_element et_pb_contact_field et_pb_contact_field_1 et_pb_contact_field_half et_pb_contact_field_last\" data-id=\"apelido\" data-type=\"input\">\n\t\t\t\t\n\t\t\t\t\n\t\t\t\t\n\t\t\t\t\n\t\t\t\t<label for=\"et_pb_contact_apelido_0\" class=\"et_pb_contact_form_label\">Nom de famille<\/label>\n\t\t\t\t<input type=\"text\" id=\"et_pb_contact_apelido_0\" class=\"input\" value=\"\" name=\"et_pb_contact_apelido_0\" data-required_mark=\"required\" data-field_type=\"input\" data-original_id=\"apelido\" placeholder=\"Nom de famille\">\n\t\t\t<\/p><p class=\"et_d4_element et_pb_contact_field et_pb_contact_field_2 et_pb_contact_field_half\" data-id=\"email\" data-type=\"email\">\n\t\t\t\t\n\t\t\t\t\n\t\t\t\t\n\t\t\t\t\n\t\t\t\t<label for=\"et_pb_contact_email_0\" class=\"et_pb_contact_form_label\">Adresse \u00e9lectronique<\/label>\n\t\t\t\t<input type=\"text\" id=\"et_pb_contact_email_0\" class=\"input\" value=\"\" name=\"et_pb_contact_email_0\" data-required_mark=\"required\" data-field_type=\"email\" data-original_id=\"email\" placeholder=\"Adresse \u00e9lectronique\">\n\t\t\t<\/p><p class=\"et_d4_element et_pb_contact_field et_pb_contact_field_3 et_pb_contact_field_half et_pb_contact_field_last\" data-id=\"telemovel\" data-type=\"input\">\n\t\t\t\t\n\t\t\t\t\n\t\t\t\t\n\t\t\t\t\n\t\t\t\t<label for=\"et_pb_contact_telemovel_0\" class=\"et_pb_contact_form_label\">Telem\u00f3vel<\/label>\n\t\t\t\t<input type=\"text\" id=\"et_pb_contact_telemovel_0\" class=\"input\" value=\"\" name=\"et_pb_contact_telemovel_0\" data-required_mark=\"required\" data-field_type=\"input\" data-original_id=\"telemovel\" placeholder=\"Telem\u00f3vel\">\n\t\t\t<\/p><p class=\"et_d4_element et_pb_contact_field et_pb_contact_field_4 et_pb_contact_field_last\" data-id=\"categoria\" data-type=\"select\">\n\t\t\t\t\n\t\t\t\t\n\t\t\t\t\n\t\t\t\t\n\t\t\t\t<label for=\"et_pb_contact_categoria_0\" class=\"et_pb_contact_form_label\">Cat\u00e9gorie de candidature<\/label>\n\t\t\t\t<select id=\"et_pb_contact_categoria_0\" class=\"et_pb_contact_select input\" name=\"et_pb_contact_categoria_0\" data-required_mark=\"required\" data-field_type=\"select\" data-original_id=\"categoria\">\n\t\t\t\t\t\t<option value=\"\">Cat\u00e9gorie de candidature<\/option><option value=\"Serralheiro\">Serrurier<\/option><option value=\"Soldador\">Soudeur<\/option><option value=\"Eletricista\">\u00c9lectricien<\/option><option value=\"Manuten\u00e7\u00e3o\">Manuten\u00e7\u00e3o<\/option><option value=\"Arquiteto\">Architecte<\/option><option value=\"Engenheiro projetista\">Engenheiro projetista<\/option><option value=\"Higiene e seguran\u00e7a no trabalho\">Higiene e seguran\u00e7a no trabalho<\/option><option value=\"Comercial\">Commercial<\/option><option value=\"Limpezas\">Nettoyage<\/option><option value=\"\u00c1rea Administrativa\">\u00c1rea Administrativa<\/option><option value=\"Outra\">Outra<\/option>\n\t\t\t\t\t<\/select>\n\t\t\t<\/p><p class=\"et_d4_element et_pb_contact_field et_pb_contact_field_5 et_pb_contact_field_last\" data-conditional-logic=\"[[&quot;categoria&quot;,&quot;is&quot;,&quot;Outra&quot;]]\" data-conditional-relation=\"all\" data-id=\"outracategoria\" data-type=\"input\">\n\t\t\t\t\n\t\t\t\t\n\t\t\t\t\n\t\t\t\t\n\t\t\t\t<label for=\"et_pb_contact_outracategoria_0\" class=\"et_pb_contact_form_label\">Indiquer lequel<\/label>\n\t\t\t\t<input type=\"text\" id=\"et_pb_contact_outracategoria_0\" class=\"input\" value=\"\" name=\"et_pb_contact_outracategoria_0\" data-required_mark=\"required\" data-field_type=\"input\" data-original_id=\"outracategoria\" placeholder=\"Indiquer lequel\">\n\t\t\t<\/p><p class=\"et_d4_element et_pb_contact_field et_pb_contact_field_6 et_pb_contact_field_last has-background\" data-id=\"anexos\" data-type=\"input\">\n\t\t\t\t\n\t\t\t\t\n\t\t\t\t\n\t\t\t\t\n\t\t\t\t<label for=\"et_pb_contact_anexos_0\" class=\"et_pb_contact_form_label\">Anexar Curriculum Vitae e carta de apresenta\u00e7\u00e3o<\/label>\n\t\t\t\t<input type=\"text\" id=\"et_pb_contact_anexos_0\" class=\"input\" value=\"\" name=\"et_pb_contact_anexos_0\" data-required_mark=\"required\" data-field_type=\"input\" data-original_id=\"anexos\" placeholder=\"Anexar Curriculum Vitae e carta de apresenta\u00e7\u00e3o\">\n\t\t\t<\/p><p class=\"et_d4_element et_pb_contact_field et_pb_contact_field_7 et_pb_contact_field_last\" data-id=\"rgpd\" data-type=\"checkbox\">\n\t\t\t\t\n\t\t\t\t\n\t\t\t\t\n\t\t\t\t\n\t\t\t\t<label for=\"et_pb_contact_rgpd_0\" class=\"et_pb_contact_form_label\">Prote\u00e7\u00e3o de dados<\/label>\n\t\t\t\t<input class=\"et_pb_checkbox_handle\" type=\"hidden\" name=\"et_pb_contact_rgpd_0\" data-required_mark=\"required\" data-field_type=\"checkbox\" data-original_id=\"rgpd\">\n\t\t\t\t\t<span class=\"et_pb_contact_field_options_wrapper\">\n\t\t\t\t\t\t<span class=\"et_pb_contact_field_options_title\">Prote\u00e7\u00e3o de dados<\/span>\n\t\t\t\t\t\t<span class=\"et_pb_contact_field_options_list\"><span class=\"et_pb_contact_field_checkbox\">\n\t\t\t\t\t\t\t<input type=\"checkbox\" id=\"et_pb_contact_rgpd_7_0\" class=\"input\" value=\"Declaro que li e aceito a\" data-id=\"-1\">\n\t\t\t\t\t\t\t<label for=\"et_pb_contact_rgpd_7_0\"><i><\/i>Declaro que li e aceito a <a href=\"https:\/\/carldora.com\/fr\/politica-de-privacidade\/\" target=\"_blank\">Pol\u00edtica de Privacidade e Termos e Condi\u00e7\u00f5es<\/a><\/label>\n\t\t\t\t\t\t<\/span><\/span>\n\t\t\t\t\t<\/span>\n\t\t\t<\/p>\n\t\t\t\t\t\t<input type=\"hidden\" value=\"et_contact_proccess\" name=\"et_pb_contactform_submit_0\"\/>\n\t\t\t\t\t\t<div class=\"et_contact_bottom_container\">\n\t\t\t\t\t\t\t\n\t\t\t<div class=\"et_pb_contact_right et_pb_contact_field\">\n\t\t\t\t<p class=\"clearfix\">\n\t\t\t\t\t<span class=\"et_pb_contact_captcha_question\">3 + 6<\/span> = <input type=\"text\" size=\"2\" class=\"input et_pb_contact_captcha\" data-first_digit=\"3\" data-second_digit=\"6\" value=\"\" name=\"et_pb_contact_captcha_0\" data-required_mark=\"required\" autocomplete=\"off\">\n\t\t\t\t<\/p>\n\t\t\t<\/div>\n\t\t\t\t\t\t\t<button type=\"submit\" name=\"et_builder_submit_button\" class=\"et_pb_contact_submit et_pb_button\">Envoyer<\/button>\n\t\t\t\t\t\t<\/div>\n\t\t\t\t\t\t<input type=\"hidden\" id=\"_wpnonce-et-pb-contact-form-submitted-0\" name=\"_wpnonce-et-pb-contact-form-submitted-0\" value=\"8a485590cb\" \/><input type=\"hidden\" name=\"_wp_http_referer\" value=\"\/fr\/wp-json\/wp\/v2\/pages\/1376935\" \/>\n\t\t\t\t\t<input type=\"hidden\" name=\"trp-form-language\" value=\"fr\"\/><\/form>\n\t\t\t\t<\/div>\n\t\t\t<\/div>\n\t\t\t\n\t\t\t<\/div><div class=\"et_d4_element et_pb_column_1_2 et_pb_column et_pb_column_10  et_pb_css_mix_blend_mode et_block_column et_pb_column_empty\">\n\t\t\t\t\n\t\t\t\t\n\t\t\t\t\n\t\t\t\t\n\t\t\t\t\n\t\t\t<\/div><\/div><\/div>","protected":false},"excerpt":{"rendered":"","protected":false},"author":1,"featured_media":0,"parent":0,"menu_order":0,"comment_status":"closed","ping_status":"closed","template":"","meta":{"_acf_changed":false,"_et_pb_use_builder":"on","_et_pb_old_content":"","_et_gb_content_width":"","_vp_format_video_url":"","_vp_image_focal_point":[],"footnotes":""},"class_list":["post-1376935","page","type-page","status-publish","hentry"],"acf":[],"yoast_head":"<!-- This site is optimized with the Yoast SEO plugin v27.1.1 - https:\/\/yoast.com\/product\/yoast-seo-wordpress\/ -->\n<title>Institucional v2 - CARLDORA<\/title>\n<meta name=\"robots\" content=\"index, follow, max-snippet:-1, max-image-preview:large, max-video-preview:-1\" \/>\n<link rel=\"canonical\" href=\"https:\/\/carldora.com\/fr\/institucional_v2\/\" \/>\n<meta property=\"og:locale\" content=\"fr_FR\" \/>\n<meta property=\"og:type\" content=\"article\" \/>\n<meta property=\"og:title\" content=\"Institucional v2 - CARLDORA\" \/>\n<meta property=\"og:url\" content=\"https:\/\/carldora.com\/fr\/institucional_v2\/\" \/>\n<meta property=\"og:site_name\" content=\"CARLDORA\" \/>\n<meta property=\"article:modified_time\" content=\"2025-09-15T14:10:02+00:00\" \/>\n<meta name=\"twitter:card\" content=\"summary_large_image\" \/>\n<meta name=\"twitter:label1\" content=\"Dur\u00e9e de lecture estim\u00e9e\" \/>\n\t<meta name=\"twitter:data1\" content=\"22 minutes\" \/>\n<script type=\"application\/ld+json\" class=\"yoast-schema-graph\">{\"@context\":\"https:\/\/schema.org\",\"@graph\":[{\"@type\":\"WebPage\",\"@id\":\"https:\/\/carldora.com\/institucional_v2\/\",\"url\":\"https:\/\/carldora.com\/institucional_v2\/\",\"name\":\"Institucional v2 - CARLDORA\",\"isPartOf\":{\"@id\":\"https:\/\/carldora.com\/#website\"},\"datePublished\":\"2025-02-13T21:37:28+00:00\",\"dateModified\":\"2025-09-15T14:10:02+00:00\",\"breadcrumb\":{\"@id\":\"https:\/\/carldora.com\/institucional_v2\/#breadcrumb\"},\"inLanguage\":\"fr-FR\",\"potentialAction\":[{\"@type\":\"ReadAction\",\"target\":[\"https:\/\/carldora.com\/institucional_v2\/\"]}]},{\"@type\":\"BreadcrumbList\",\"@id\":\"https:\/\/carldora.com\/institucional_v2\/#breadcrumb\",\"itemListElement\":[{\"@type\":\"ListItem\",\"position\":1,\"name\":\"In\u00edcio\",\"item\":\"https:\/\/carldora.com\/\"},{\"@type\":\"ListItem\",\"position\":2,\"name\":\"Institucional v2\"}]},{\"@type\":\"WebSite\",\"@id\":\"https:\/\/carldora.com\/#website\",\"url\":\"https:\/\/carldora.com\/\",\"name\":\"CARLDORA\",\"description\":\"Pioneiros em Portugal no fabrico de Cofragens, Andaimes, Escoramentos, Entiva\u00e7\u00f5es de Valas e Estruturas Especiais.\",\"potentialAction\":[{\"@type\":\"SearchAction\",\"target\":{\"@type\":\"EntryPoint\",\"urlTemplate\":\"https:\/\/carldora.com\/?s={search_term_string}\"},\"query-input\":{\"@type\":\"PropertyValueSpecification\",\"valueRequired\":true,\"valueName\":\"search_term_string\"}}],\"inLanguage\":\"fr-FR\"}]}<\/script>\n<!-- \/ Yoast SEO plugin. -->","yoast_head_json":{"title":"Institucional v2 - CARLDORA","robots":{"index":"index","follow":"follow","max-snippet":"max-snippet:-1","max-image-preview":"max-image-preview:large","max-video-preview":"max-video-preview:-1"},"canonical":"https:\/\/carldora.com\/fr\/institucional_v2\/","og_locale":"fr_FR","og_type":"article","og_title":"Institucional v2 - CARLDORA","og_url":"https:\/\/carldora.com\/fr\/institucional_v2\/","og_site_name":"CARLDORA","article_modified_time":"2025-09-15T14:10:02+00:00","twitter_card":"summary_large_image","twitter_misc":{"Dur\u00e9e de lecture estim\u00e9e":"22 minutes"},"schema":{"@context":"https:\/\/schema.org","@graph":[{"@type":"WebPage","@id":"https:\/\/carldora.com\/institucional_v2\/","url":"https:\/\/carldora.com\/institucional_v2\/","name":"Institucional v2 - CARLDORA","isPartOf":{"@id":"https:\/\/carldora.com\/#website"},"datePublished":"2025-02-13T21:37:28+00:00","dateModified":"2025-09-15T14:10:02+00:00","breadcrumb":{"@id":"https:\/\/carldora.com\/institucional_v2\/#breadcrumb"},"inLanguage":"fr-FR","potentialAction":[{"@type":"ReadAction","target":["https:\/\/carldora.com\/institucional_v2\/"]}]},{"@type":"BreadcrumbList","@id":"https:\/\/carldora.com\/institucional_v2\/#breadcrumb","itemListElement":[{"@type":"ListItem","position":1,"name":"In\u00edcio","item":"https:\/\/carldora.com\/"},{"@type":"ListItem","position":2,"name":"Institucional v2"}]},{"@type":"WebSite","@id":"https:\/\/carldora.com\/#website","url":"https:\/\/carldora.com\/","name":"CARLDORA","description":"Pioneiros em Portugal no fabrico de Cofragens, Andaimes, Escoramentos, Entiva\u00e7\u00f5es de Valas e Estruturas Especiais.","potentialAction":[{"@type":"SearchAction","target":{"@type":"EntryPoint","urlTemplate":"https:\/\/carldora.com\/?s={search_term_string}"},"query-input":{"@type":"PropertyValueSpecification","valueRequired":true,"valueName":"search_term_string"}}],"inLanguage":"fr-FR"}]}},"_links":{"self":[{"href":"https:\/\/carldora.com\/fr\/wp-json\/wp\/v2\/pages\/1376935","targetHints":{"allow":["GET"]}}],"collection":[{"href":"https:\/\/carldora.com\/fr\/wp-json\/wp\/v2\/pages"}],"about":[{"href":"https:\/\/carldora.com\/fr\/wp-json\/wp\/v2\/types\/page"}],"author":[{"embeddable":true,"href":"https:\/\/carldora.com\/fr\/wp-json\/wp\/v2\/users\/1"}],"replies":[{"embeddable":true,"href":"https:\/\/carldora.com\/fr\/wp-json\/wp\/v2\/comments?post=1376935"}],"version-history":[{"count":4,"href":"https:\/\/carldora.com\/fr\/wp-json\/wp\/v2\/pages\/1376935\/revisions"}],"predecessor-version":[{"id":1377641,"href":"https:\/\/carldora.com\/fr\/wp-json\/wp\/v2\/pages\/1376935\/revisions\/1377641"}],"wp:attachment":[{"href":"https:\/\/carldora.com\/fr\/wp-json\/wp\/v2\/media?parent=1376935"}],"curies":[{"name":"wp","href":"https:\/\/api.w.org\/{rel}","templated":true}]}}