{"id":1378857,"date":"2025-09-19T19:43:37","date_gmt":"2025-09-19T19:43:37","guid":{"rendered":"https:\/\/carldora.slideshow.com.pt\/?page_id=1378857"},"modified":"2026-03-06T15:52:11","modified_gmt":"2026-03-06T15:52:11","slug":"andaimes","status":"publish","type":"page","link":"https:\/\/carldora.com\/es\/andaimes\/","title":{"rendered":"Andamios"},"content":{"rendered":"<div class=\"et_pb_section_0 et_pb_section et_section_regular et_block_section section_has_divider et_pb_bottom_divider preset--group--divi-section--divi-box-shadow--default\"><span class=\"et_pb_background_pattern\"><\/span>\n<div class=\"et_pb_row_0 et_pb_row et_block_row preset--group--divi-row--divi-box-shadow--default\" id=\"mensagem\">\n<div class=\"et_pb_column_0 et_pb_column et_pb_column_4_4 et-last-child et_block_column et_pb_css_mix_blend_mode_passthrough preset--group--divi-column--divi-box-shadow--default\">\n<div class=\"et_pb_heading_0 et_pb_heading et_pb_module et_block_module preset--group--divi-heading--divi-box-shadow--default\"><div class=\"et_pb_heading_container\"><h1 class=\"et_pb_module_header\">Andamios<\/h1><\/div><\/div>\n<\/div>\n<\/div>\n<div class=\"et_pb_bottom_inside_divider et-no-transition\"><\/div><\/div>\n\n<div class=\"et_pb_section_1 et_pb_section et_section_regular et_block_section preset--group--divi-section--divi-box-shadow--default\">\n<div class=\"et_pb_row_1 et_pb_row et_block_row preset--group--divi-row--divi-box-shadow--default\">\n<div class=\"et_pb_column_1 et_pb_column et_pb_column_4_4 et-last-child et_block_column et_pb_css_mix_blend_mode_passthrough preset--group--divi-column--divi-box-shadow--default\">\n<div class=\"et_pb_text_0 et_pb_text et_pb_bg_layout_dark et_pb_module et_block_module preset--group--divi-text--divi-box-shadow--default preset--group--divi-text--divi-font-body--default\"><div class=\"et_pb_text_inner\"><pre><code>\t\t\t<!-- Flexy Breadcrumb -->\r\n\t\t\t<div class=\"fbc fbc-page\">\r\n\r\n\t\t\t\t<!-- Breadcrumb wrapper -->\r\n\t\t\t\t<div class=\"fbc-wrap\">\r\n\r\n\t\t\t\t\t<!-- Ordered list-->\r\n\t\t\t\t\t<ol class=\"fbc-items\" itemscope itemtype=\"https:\/\/schema.org\/BreadcrumbList\">\r\n\t\t\t\t\t\t            <li itemprop=\"itemListElement\" itemscope itemtype=\"https:\/\/schema.org\/ListItem\">\r\n                <span itemprop=\"name\">\r\n                    <!-- Home Link -->\r\n                    <a itemprop=\"item\" href=\"https:\/\/carldora.com\/es\/\">\r\n                    \r\n                                                    <i class=\"fa fa-home\" aria-hidden=\"true\"><\/i>                    <\/a>\r\n                <\/span>\r\n                <meta itemprop=\"position\" content=\"1\" \/><!-- Meta Position-->\r\n             <\/li><li><span class=\"fbc-separator\">><\/span><\/li><li class=\"active\" itemprop=\"itemListElement\" itemscope itemtype=\"https:\/\/schema.org\/ListItem\"><span itemprop=\"name\" title=\"Andamios\">Andamios<\/span><meta itemprop=\"position\" content=\"2\" \/><\/li>\t\t\t\t\t<\/ol>\r\n\t\t\t\t\t<div class=\"clearfix\"><\/div>\r\n\t\t\t\t<\/div>\r\n\t\t\t<\/div>\r\n\t\t\t<\/code><\/pre>\n<\/div><\/div>\n<\/div>\n<\/div>\n<\/div>\n\n<div class=\"et_pb_section_2 et_pb_section et_section_regular et_block_section preset--group--divi-section--divi-box-shadow--default\">\n<div class=\"et_pb_row_2 et_pb_row et_block_row preset--group--divi-row--divi-box-shadow--default\">\n<div class=\"et_pb_column_2 et_pb_column et_pb_column_4_4 et-last-child et_block_column et_pb_css_mix_blend_mode_passthrough preset--group--divi-column--divi-box-shadow--default\">\n<div class=\"et_pb_text_1 et_pb_text et_pb_bg_layout_dark et_pb_module et_block_module preset--group--divi-text--divi-box-shadow--default preset--group--divi-text--divi-font-body--default\"><div class=\"et_pb_text_inner\"><p>A Carldora desenvolveu os sistemas de andaimes multidirecionais Quick E.A.E., CARL 04 e CARL 02, baseados no sistema Quick EAE utilizado desde 1990 nos seus escoramentos, torres escadas e andaimes, mantendo compatibilidade entre si. Fabricados atrav\u00e9s de processos automatizados e robotizados, estes andaimes garantem elevados padr\u00f5es de qualidade e adaptam-se eficazmente a diversas superf\u00edcies, sejam elas salientes, rebaixadas, redondas ou c\u00fapulas, mantendo uma dist\u00e2ncia m\u00e1xima de 30 cm entre o andaime e a estrutura a ser trabalhada. Destacam-se pela rapidez de montagem em total seguran\u00e7a, bem como pela facilidade de acondiciona-mento, armazenamento e manuseio. Todos os produtos s\u00e3o revestidos a zinco, assegurando maior durabilidade e resist\u00eancia.<\/p>\n<\/div><\/div>\n<\/div>\n<\/div>\n<\/div>\n\n<div class=\"et_pb_section_3 et_pb_section et_section_regular et_flex_section preset--group--divi-section--divi-box-shadow--default\"><span class=\"et_pb_background_pattern\"><\/span>\n<div class=\"et_pb_row_3 et_pb_row et_flex_row preset--group--divi-row--divi-box-shadow--default\">\n<div class=\"et_pb_column_3 et_pb_column et-last-child et_flex_column et_pb_css_mix_blend_mode_passthrough et_flex_column_24_24 et_flex_column_24_24_tablet et_flex_column_24_24_phone preset--group--divi-column--divi-box-shadow--default\">\n<div class=\"et_pb_gallery_0 et_pb_gallery et_pb_bg_layout_dark et_pb_text_align_center et_pb_gallery_grid et_pb_module preset--group--divi-gallery--divi-box-shadow--default\" data-auto-rotate=\"off\" data-auto-rotate-speed=\"\"><div class=\"et_pb_gallery_items et_post_gallery clearfix et_grid_module\" data-per_page=\"8\"><div class=\"et_pb_gallery_item et_pb_grid_item et_pb_gallery_item_0_0\"><div class=\"et_pb_gallery_image landscape\" data-per_page=\"8\"><a href=\"https:\/\/carldora.com\/wp-content\/uploads\/2025\/11\/14-030-CARL-04-MD-CERTIFICADO-MAPUTO-FISH-MARKET-6-copy.webp\" title=\"CARL 04 MD Certificado Maputo Fish Market, Mo\u00e7ambique\"><img loading=\"lazy\" decoding=\"async\" width=\"400\" height=\"284\" src=\"https:\/\/carldora.com\/wp-content\/uploads\/2025\/11\/14-030-CARL-04-MD-CERTIFICADO-MAPUTO-FISH-MARKET-6-copy-400x284.webp\" alt=\"\" class=\"wp-image-1380836\" srcset=\"https:\/\/carldora.com\/wp-content\/uploads\/2025\/11\/14-030-CARL-04-MD-CERTIFICADO-MAPUTO-FISH-MARKET-6-copy.webp 479w, https:\/\/carldora.com\/wp-content\/uploads\/2025\/11\/14-030-CARL-04-MD-CERTIFICADO-MAPUTO-FISH-MARKET-6-copy-400x284.webp 480w\" sizes=\"(max-width:479px) 479px, 100vw\" \/><span class=\"et_overlay\" data-icon=\"\" data-icon-tablet=\"\" data-icon-phone=\"\"><\/span><\/a><\/div><h3 class=\"et_pb_gallery_title\">CARL 04 MD Certificado Maputo Fish Market, Mo\u00e7ambique<\/h3><\/div><div class=\"et_pb_gallery_item et_pb_grid_item et_pb_gallery_item_0_1\"><div class=\"et_pb_gallery_image landscape\" data-per_page=\"8\"><a href=\"https:\/\/carldora.com\/wp-content\/uploads\/2025\/11\/16-246-CARL-04-MD-CERTIFICADO-POLANA-PLAZA-MAPUTO-copy.webp\" title=\"CARL 04 MD Certificado Polana Plaza, Maputo, Mo\u00e7ambique\"><img loading=\"lazy\" decoding=\"async\" width=\"400\" height=\"284\" src=\"https:\/\/carldora.com\/wp-content\/uploads\/2025\/11\/16-246-CARL-04-MD-CERTIFICADO-POLANA-PLAZA-MAPUTO-copy-400x284.webp\" alt=\"\" class=\"wp-image-1380837\" srcset=\"https:\/\/carldora.com\/wp-content\/uploads\/2025\/11\/16-246-CARL-04-MD-CERTIFICADO-POLANA-PLAZA-MAPUTO-copy.webp 479w, https:\/\/carldora.com\/wp-content\/uploads\/2025\/11\/16-246-CARL-04-MD-CERTIFICADO-POLANA-PLAZA-MAPUTO-copy-400x284.webp 480w\" sizes=\"(max-width:479px) 479px, 100vw\" \/><span class=\"et_overlay\" data-icon=\"\" data-icon-tablet=\"\" data-icon-phone=\"\"><\/span><\/a><\/div><h3 class=\"et_pb_gallery_title\">CARL 04 MD Certificado Polana Plaza, Maputo, Mo\u00e7ambique<\/h3><\/div><div class=\"et_pb_gallery_item et_pb_grid_item et_pb_gallery_item_0_2\"><div class=\"et_pb_gallery_image landscape\" data-per_page=\"8\"><a href=\"https:\/\/carldora.com\/wp-content\/uploads\/2025\/11\/19-730-ANDAIME-SUSPENSO-2-copy.webp\" title=\"Andaime Suspenso\"><img loading=\"lazy\" decoding=\"async\" width=\"400\" height=\"284\" src=\"https:\/\/carldora.com\/wp-content\/uploads\/2025\/11\/19-730-ANDAIME-SUSPENSO-2-copy-400x284.webp\" alt=\"\" class=\"wp-image-1380838\" srcset=\"https:\/\/carldora.com\/wp-content\/uploads\/2025\/11\/19-730-ANDAIME-SUSPENSO-2-copy.webp 479w, https:\/\/carldora.com\/wp-content\/uploads\/2025\/11\/19-730-ANDAIME-SUSPENSO-2-copy-400x284.webp 480w\" sizes=\"(max-width:479px) 479px, 100vw\" \/><span class=\"et_overlay\" data-icon=\"\" data-icon-tablet=\"\" data-icon-phone=\"\"><\/span><\/a><\/div><h3 class=\"et_pb_gallery_title\">Andaime Suspenso<\/h3><\/div><div class=\"et_pb_gallery_item et_pb_grid_item et_pb_gallery_item_0_3\"><div class=\"et_pb_gallery_image landscape\" data-per_page=\"8\"><a href=\"https:\/\/carldora.com\/wp-content\/uploads\/2025\/11\/WhatsApp-Image-2025-06-26-at-15.11.39-copy.webp\" title=\"CARL 04 MD Certificado, Tribunal de Matola, Mo\u00e7ambique\"><img loading=\"lazy\" decoding=\"async\" width=\"400\" height=\"284\" src=\"https:\/\/carldora.com\/wp-content\/uploads\/2025\/11\/WhatsApp-Image-2025-06-26-at-15.11.39-copy-400x284.webp\" alt=\"\" class=\"wp-image-1380839\" srcset=\"https:\/\/carldora.com\/wp-content\/uploads\/2025\/11\/WhatsApp-Image-2025-06-26-at-15.11.39-copy.webp 479w, https:\/\/carldora.com\/wp-content\/uploads\/2025\/11\/WhatsApp-Image-2025-06-26-at-15.11.39-copy-400x284.webp 480w\" sizes=\"(max-width:479px) 479px, 100vw\" \/><span class=\"et_overlay\" data-icon=\"\" data-icon-tablet=\"\" data-icon-phone=\"\"><\/span><\/a><\/div><h3 class=\"et_pb_gallery_title\">CARL 04 MD Certificado, Tribunal de Matola, Mo\u00e7ambique<\/h3><\/div><\/div><div class=\"et_pb_gallery_pagination\"><\/div><\/div>\n<\/div>\n<\/div>\n<\/div>\n\n<div class=\"et_pb_section_4 et_pb_section et_section_regular et_flex_section et_pb_section_parallax preset--group--divi-section--divi-box-shadow--default\"><span class=\"et-pb-parallax-wrapper\"><span class=\"et-pb-parallax-background et-pb-parallax-background--css et-pb-parallax-background-module--divi-section-4\" style=\"background-image:url(https:\/\/carldora.com\/wp-content\/uploads\/2024\/12\/cast-iron-formwork-for-large-concrete-columns-stru-2023-11-27-05-24-11-utc-PB.jpg)\"><\/span><span class=\"et_parallax_gradient et_pb_parallax_css\" style=\"background-image:linear-gradient(25deg, rgba(77, 34, 0, 0.85) 10%,rgba(77, 34, 0, 0.45) 99% 110%)\"><\/span><\/span><div class=\"et_pb_row_4 et_pb_row et_flex_row preset--group--divi-row--divi-box-shadow--default\"><div class=\"et_pb_column_4 et_pb_column et-last-child et_flex_column et_pb_css_mix_blend_mode_passthrough et_flex_column_24_24 et_flex_column_24_24_tablet et_flex_column_24_24_phone preset--group--divi-column--divi-box-shadow--default\"><div class=\"et_pb_cta_0 et_pb_promo et_pb_bg_layout_dark et_pb_module et_flex_module preset--group--divi-cta--divi-box-shadow--default preset--group--divi-cta--divi-font-body--default\"><div class=\"et_pb_promo_description\"><h2 class=\"et_pb_module_header\">Soluciones de calidad, probadas y certificadas<\/h2><div class=\"et_pb_promo_content\"><p style=\"text-align: center;\">Desarrollamos soluciones a medida, garantizando la mejor respuesta a las necesidades de cada proyecto. Dise\u00f1amos, construimos y montamos estructuras en cualquier parte del mundo.<\/p>\n<\/div><\/div><div class=\"et_pb_button_wrapper\"><a class=\"et_pb_button et_pb_promo_button\" href=\"https:\/\/carldora.com\/es\/contactos\/\">Solicitar un presupuesto<\/a><\/div><\/div><\/div><\/div><\/div>","protected":false},"excerpt":{"rendered":"","protected":false},"author":1,"featured_media":0,"parent":0,"menu_order":0,"comment_status":"closed","ping_status":"closed","template":"","meta":{"_acf_changed":false,"_vp_format_video_url":"","_vp_image_focal_point":[],"footnotes":""},"class_list":["post-1378857","page","type-page","status-publish","hentry"],"acf":[],"yoast_head":"<!-- This site is optimized with the Yoast SEO plugin v27.1.1 - https:\/\/yoast.com\/product\/yoast-seo-wordpress\/ -->\n<title>Andaimes - CARLDORA<\/title>\n<meta name=\"robots\" content=\"index, follow, max-snippet:-1, max-image-preview:large, max-video-preview:-1\" \/>\n<link rel=\"canonical\" href=\"https:\/\/carldora.com\/es\/andaimes\/\" \/>\n<meta property=\"og:locale\" content=\"es_ES\" \/>\n<meta property=\"og:type\" content=\"article\" \/>\n<meta property=\"og:title\" content=\"Andaimes - CARLDORA\" \/>\n<meta property=\"og:url\" content=\"https:\/\/carldora.com\/es\/andaimes\/\" \/>\n<meta property=\"og:site_name\" content=\"CARLDORA\" \/>\n<meta property=\"article:modified_time\" content=\"2026-03-06T15:52:11+00:00\" \/>\n<meta name=\"twitter:card\" content=\"summary_large_image\" \/>\n<script type=\"application\/ld+json\" class=\"yoast-schema-graph\">{\"@context\":\"https:\/\/schema.org\",\"@graph\":[{\"@type\":\"WebPage\",\"@id\":\"https:\/\/carldora.com\/andaimes\/\",\"url\":\"https:\/\/carldora.com\/andaimes\/\",\"name\":\"Andaimes - CARLDORA\",\"isPartOf\":{\"@id\":\"https:\/\/carldora.com\/#website\"},\"datePublished\":\"2025-09-19T19:43:37+00:00\",\"dateModified\":\"2026-03-06T15:52:11+00:00\",\"breadcrumb\":{\"@id\":\"https:\/\/carldora.com\/andaimes\/#breadcrumb\"},\"inLanguage\":\"es\",\"potentialAction\":[{\"@type\":\"ReadAction\",\"target\":[\"https:\/\/carldora.com\/andaimes\/\"]}]},{\"@type\":\"BreadcrumbList\",\"@id\":\"https:\/\/carldora.com\/andaimes\/#breadcrumb\",\"itemListElement\":[{\"@type\":\"ListItem\",\"position\":1,\"name\":\"In\u00edcio\",\"item\":\"https:\/\/carldora.com\/\"},{\"@type\":\"ListItem\",\"position\":2,\"name\":\"Andaimes\"}]},{\"@type\":\"WebSite\",\"@id\":\"https:\/\/carldora.com\/#website\",\"url\":\"https:\/\/carldora.com\/\",\"name\":\"CARLDORA\",\"description\":\"Pioneiros em Portugal no fabrico de Cofragens, Andaimes, Escoramentos, Entiva\u00e7\u00f5es de Valas e Estruturas Especiais.\",\"potentialAction\":[{\"@type\":\"SearchAction\",\"target\":{\"@type\":\"EntryPoint\",\"urlTemplate\":\"https:\/\/carldora.com\/?s={search_term_string}\"},\"query-input\":{\"@type\":\"PropertyValueSpecification\",\"valueRequired\":true,\"valueName\":\"search_term_string\"}}],\"inLanguage\":\"es\"}]}<\/script>\n<!-- \/ Yoast SEO plugin. -->","yoast_head_json":{"title":"Andaimes - CARLDORA","robots":{"index":"index","follow":"follow","max-snippet":"max-snippet:-1","max-image-preview":"max-image-preview:large","max-video-preview":"max-video-preview:-1"},"canonical":"https:\/\/carldora.com\/es\/andaimes\/","og_locale":"es_ES","og_type":"article","og_title":"Andaimes - CARLDORA","og_url":"https:\/\/carldora.com\/es\/andaimes\/","og_site_name":"CARLDORA","article_modified_time":"2026-03-06T15:52:11+00:00","twitter_card":"summary_large_image","schema":{"@context":"https:\/\/schema.org","@graph":[{"@type":"WebPage","@id":"https:\/\/carldora.com\/andaimes\/","url":"https:\/\/carldora.com\/andaimes\/","name":"Andaimes - CARLDORA","isPartOf":{"@id":"https:\/\/carldora.com\/#website"},"datePublished":"2025-09-19T19:43:37+00:00","dateModified":"2026-03-06T15:52:11+00:00","breadcrumb":{"@id":"https:\/\/carldora.com\/andaimes\/#breadcrumb"},"inLanguage":"es","potentialAction":[{"@type":"ReadAction","target":["https:\/\/carldora.com\/andaimes\/"]}]},{"@type":"BreadcrumbList","@id":"https:\/\/carldora.com\/andaimes\/#breadcrumb","itemListElement":[{"@type":"ListItem","position":1,"name":"In\u00edcio","item":"https:\/\/carldora.com\/"},{"@type":"ListItem","position":2,"name":"Andaimes"}]},{"@type":"WebSite","@id":"https:\/\/carldora.com\/#website","url":"https:\/\/carldora.com\/","name":"CARLDORA","description":"Pioneiros em Portugal no fabrico de Cofragens, Andaimes, Escoramentos, Entiva\u00e7\u00f5es de Valas e Estruturas Especiais.","potentialAction":[{"@type":"SearchAction","target":{"@type":"EntryPoint","urlTemplate":"https:\/\/carldora.com\/?s={search_term_string}"},"query-input":{"@type":"PropertyValueSpecification","valueRequired":true,"valueName":"search_term_string"}}],"inLanguage":"es"}]}},"_links":{"self":[{"href":"https:\/\/carldora.com\/es\/wp-json\/wp\/v2\/pages\/1378857","targetHints":{"allow":["GET"]}}],"collection":[{"href":"https:\/\/carldora.com\/es\/wp-json\/wp\/v2\/pages"}],"about":[{"href":"https:\/\/carldora.com\/es\/wp-json\/wp\/v2\/types\/page"}],"author":[{"embeddable":true,"href":"https:\/\/carldora.com\/es\/wp-json\/wp\/v2\/users\/1"}],"replies":[{"embeddable":true,"href":"https:\/\/carldora.com\/es\/wp-json\/wp\/v2\/comments?post=1378857"}],"version-history":[{"count":10,"href":"https:\/\/carldora.com\/es\/wp-json\/wp\/v2\/pages\/1378857\/revisions"}],"predecessor-version":[{"id":1381839,"href":"https:\/\/carldora.com\/es\/wp-json\/wp\/v2\/pages\/1378857\/revisions\/1381839"}],"wp:attachment":[{"href":"https:\/\/carldora.com\/es\/wp-json\/wp\/v2\/media?parent=1378857"}],"curies":[{"name":"wp","href":"https:\/\/api.w.org\/{rel}","templated":true}]}}