{"id":1376926,"date":"2025-02-13T21:26:11","date_gmt":"2025-02-13T21:26:11","guid":{"rendered":"https:\/\/carldora.slideshow.com.pt\/?page_id=1376926"},"modified":"2025-09-15T14:10:02","modified_gmt":"2025-09-15T14:10:02","slug":"inicio_v2","status":"publish","type":"page","link":"https:\/\/carldora.com\/es\/inicio_v2\/","title":{"rendered":"In\u00edcio v2"},"content":{"rendered":"<div class=\"et_pb_section_0 et_pb_section et_pb_fullwidth_section et_section_regular et_block_section et-pb-has-background-video et_pb_preload section_has_divider et_pb_bottom_divider preset--group--divi-section--divi-box-shadow--default\"><span class=\"et-pb-background-video et_pb_allow_player_pause\"><video autoplay loop playsinline muted><source type=\"video\/mp4\" src=\"https:\/\/carldora.com\/wp-content\/uploads\/2025\/02\/carldora_intro_site_net.mp4\" \/><source type=\"video\/webm\" src=\"https:\/\/carldora.com\/wp-content\/uploads\/2025\/02\/carldora_intro_site_net.webm\" \/><\/video><\/span><span class=\"et_pb_background_pattern\"><\/span><section class=\"et_pb_fullwidth_header_0 et_pb_fullwidth_header et_pb_fullscreen et_pb_bg_layout_dark et_pb_text_align_left et_pb_module et_flex_module preset--group--divi-fullwidth-header--divi-box-shadow--default preset--group--divi-fullwidth-header--divi-font-body--default\"><div class=\"et_pb_fullwidth_header_container left\"><div class=\"header-content-container center\"><div class=\"header-content et_flex_module\"><div class=\"et_pb_header_content_wrapper\" data-et-mv-hidden-tablet=\"true\" data-et-mv-hidden-phone=\"true\"><h1 style=\"font-size: 75pt;\">Fundaci\u00f3n<br \/>de la gran<br \/>funciona<\/h1>\n<h3>Concebimos | Dise\u00f1amos | Fabricamos<\/h3>\n<\/div><div class=\"et_pb_header_button_wrapper\"><\/div><\/div><\/div><\/div><div class=\"et_pb_fullwidth_header_overlay\"><\/div><div class=\"et_pb_fullwidth_header_scroll\"><a class=\"scroll-down-container\" href=\"#\"><span class=\"scroll-down et-pb-icon\">7<\/span><\/a><\/div><\/section><div class=\"et_pb_bottom_inside_divider et-no-transition\"><\/div><\/div><div class=\"et_pb_section_1 et_pb_section et_section_regular et_block_section preset--group--divi-section--divi-box-shadow--default\" id=\"desde1976\"><div class=\"et_pb_row_0 et_pb_row et_block_row preset--group--divi-row--divi-box-shadow--default\"><div class=\"et_pb_column_0 et_pb_column et_pb_column_4_4 et-last-child et_block_column et_pb_css_mix_blend_mode_passthrough preset--group--divi-column--divi-box-shadow--default\"><div class=\"et_pb_heading_0 et_pb_heading et_pb_module et_flex_module preset--group--divi-heading--divi-box-shadow--default\"><div class=\"et_pb_heading_container\"><h1 class=\"et_pb_module_header\">Desde 1976<\/h1><\/div><\/div><div class=\"et_pb_text_0 et_pb_text et_pb_bg_layout_dark et_pb_module et_flex_module preset--group--divi-text--divi-box-shadow--default preset--group--divi-text--divi-font-body--default\"><div class=\"et_pb_text_inner\"><p>Dise\u00f1amos, proyectamos y fabricamos encofrados, andamios, cimbras, zanjas, contenci\u00f3n de fachadas y estructuras especiales para obras civiles y p\u00fablicas en cualquier parte del mundo.<\/p>\n<\/div><\/div><\/div><\/div><\/div><div class=\"et_pb_section_2 et_pb_section et_section_regular et_block_section preset--group--divi-section--divi-box-shadow--default\"><div class=\"et_pb_row_1 et_pb_row et_pb_equal_columns et_pb_gutters2 et_block_row preset--group--divi-row--divi-box-shadow--default\"><div class=\"et_pb_column_1 et_pb_column et_pb_column_1_3 et_block_column et_pb_css_mix_blend_mode_passthrough preset--group--divi-column--divi-box-shadow--default\"><div class=\"et_pb_module et_pb_button_module_wrapper et_pb_button_0_wrapper preset--group--divi-button--divi-box-shadow--default_wrapper preset--module--divi-button--default_wrapper\"><a class=\"et_pb_button_0 et_pb_button et_pb_bg_layout_dark et_pb_module et_flex_module preset--group--divi-button--divi-box-shadow--default preset--module--divi-button--default\" href=\"https:\/\/carldora.com\/es\/carldora-no-mundo\/\">OBRAS<\/a><\/div><\/div><div class=\"et_pb_column_2 et_pb_column et_pb_column_1_3 et_block_column et_pb_css_mix_blend_mode_passthrough preset--group--divi-column--divi-box-shadow--default\"><div class=\"et_pb_module et_pb_button_module_wrapper et_pb_button_1_wrapper preset--group--divi-button--divi-box-shadow--default_wrapper preset--module--divi-button--default_wrapper\"><a class=\"et_pb_button_1 et_pb_button et_pb_bg_layout_dark et_pb_module et_flex_module preset--group--divi-button--divi-box-shadow--default preset--module--divi-button--default\" href=\"https:\/\/carldora.com\/es\/soluciones\/\">SOLU\u00c7\u00d5ES<\/a><\/div><\/div><div class=\"et_pb_column_3 et_pb_column et_pb_column_1_3 et-last-child et_block_column et_pb_css_mix_blend_mode_passthrough preset--group--divi-column--divi-box-shadow--default\"><div class=\"et_pb_module et_pb_button_module_wrapper et_pb_button_2_wrapper preset--group--divi-button--divi-box-shadow--default_wrapper preset--module--divi-button--default_wrapper\"><a class=\"et_pb_button_2 et_pb_button et_pb_bg_layout_dark et_pb_module et_flex_module preset--group--divi-button--divi-box-shadow--default preset--module--divi-button--default\" href=\"https:\/\/carldora.com\/es\/somos-feitos-de-pessoas\/\">Hecho de personas<\/a><\/div><\/div><\/div><\/div><div class=\"et_pb_section_3 et_pb_section et_section_regular et_block_section preset--group--divi-section--divi-box-shadow--default\"><div class=\"et_pb_row_2 et_pb_row et_block_row preset--group--divi-row--divi-box-shadow--default\"><div class=\"et_pb_column_4 et_pb_column et_pb_column_4_4 et-last-child et_block_column et_pb_css_mix_blend_mode_passthrough preset--group--divi-column--divi-box-shadow--default\"><div class=\"et_pb_heading_1 et_pb_heading et_pb_module et_flex_module preset--group--divi-heading--divi-box-shadow--default\"><div class=\"et_pb_heading_container\"><h2 class=\"et_pb_module_header\">\u00daltimas noticias<\/h2><\/div><\/div><div class=\"et_pb_divider_0 et_pb_divider et_pb_space et_pb_divider_position_center et_pb_module preset--group--divi-divider--divi-box-shadow--default\"><div class=\"et_pb_divider_internal\"><\/div><\/div><div class=\"et_pb_blog_0 et_pb_blog et_pb_bg_layout_light et_pb_posts et_pb_module preset--group--divi-blog--divi-box-shadow--default preset--group--divi-blog--divi-font-body--default\"><div class=\"et_pb_ajax_pagination_container\"><div class=\"et_pb_posts et_grid_module\"><article class=\"et_pb_post et_pb_post_id_1381974 clearfix et_pb_has_overlay et_pb_blog_item_0_0 post-1381974 post type-post status-publish format-standard has-post-thumbnail hentry category-equipa-carldora\"><h3 class=\"entry-title\"><a href=\"https:\/\/carldora.com\/es\/magusto-2025\/\">Magusto: tradi\u00e7\u00e3o, hist\u00f3ria e partilha<\/a><\/h3><p class=\"post-meta\"><span class=\"published\">Nov 11, 2025<\/span> | <span class=\"entry-categories\"><a href=\"https:\/\/carldora.com\/es\/categoria\/equipa-carldora\/\" rel=\"tag\">Equipo Carldora<\/a><\/span><\/p><div class=\"post-content\"><div class=\"post-content-inner\"><p>A celebra\u00e7\u00e3o do Magusto est\u00e1 associada a S\u00e3o Martinho, cuja lenda remonta ao s\u00e9culo IV. Conta-se que, num dia de inverno rigoroso, Martinho dividiu a sua capa com um mendigo que tremia de frio. Ap\u00f3s este gesto de compaix\u00e3o, as nuvens abriram-se e o sol surgiu, dando&#8230;<\/p>\n<\/div><a href=\"https:\/\/carldora.com\/es\/magusto-2025\/\" class=\"more-link\">leer m\u00e1s<\/a><\/div><\/article><article class=\"et_pb_post et_pb_post_id_1378131 clearfix et_pb_has_overlay et_pb_blog_item_0_1 post-1378131 post type-post status-publish format-standard hentry category-uncategorized\"><h3 class=\"entry-title\"><a href=\"https:\/\/carldora.com\/es\/pontes-viadutos-e-tuneis\/\">Puentes, viaductos y t\u00faneles<\/a><\/h3><p class=\"post-meta\"><span class=\"published\">Sep 9, 2025<\/span> | <span class=\"entry-categories\"><a href=\"https:\/\/carldora.com\/es\/categoria\/uncategorized\/\" rel=\"tag\">Uncategorized<\/a><\/span><\/p><div class=\"post-content\"><div class=\"post-content-inner\"><\/div><a href=\"https:\/\/carldora.com\/es\/pontes-viadutos-e-tuneis\/\" class=\"more-link\">leer m\u00e1s<\/a><\/div><\/article><article class=\"et_pb_post et_pb_post_id_1381945 clearfix et_pb_has_overlay et_pb_blog_item_0_2 post-1381945 post type-post status-publish format-standard has-post-thumbnail hentry category-equipa-carldora\"><h3 class=\"entry-title\"><a href=\"https:\/\/carldora.com\/es\/convivio-castelo-do-bode-2025\/\">Conv\u00edvio de Castelo de Bode<\/a><\/h3><p class=\"post-meta\"><span class=\"published\">Ago 9, 2025<\/span> | <span class=\"entry-categories\"><a href=\"https:\/\/carldora.com\/es\/categoria\/equipa-carldora\/\" rel=\"tag\">Equipo Carldora<\/a><\/span><\/p><div class=\"post-content\"><div class=\"post-content-inner\"><p>Em pleno agosto, no auge do ver\u00e3o e antes do in\u00edcio das f\u00e9rias, mantivemos a tradi\u00e7\u00e3o do nosso encontro anual na barragem de Castelo de Bode. Foi um momento alegre de conv\u00edvio e descontra\u00e7\u00e3o da rotina, onde celebramos as metas alcan\u00e7adas nos dois primeiros trimestres&#8230;<\/p>\n<\/div><a href=\"https:\/\/carldora.com\/es\/convivio-castelo-do-bode-2025\/\" class=\"more-link\">leer m\u00e1s<\/a><\/div><\/article><\/div><\/div><\/div><\/div><\/div><\/div><div class=\"et_pb_section_4 et_pb_section et_section_regular et_block_section et_pb_section_parallax preset--group--divi-section--divi-box-shadow--default\"><span class=\"et-pb-parallax-wrapper\"><span class=\"et-pb-parallax-background et-pb-parallax-background--css et-pb-parallax-background-module--divi-section-4\" style=\"background-image:url(https:\/\/carldora.com\/wp-content\/uploads\/2024\/12\/banner_newsletter.jpg)\"><\/span><span class=\"et_parallax_gradient et_pb_parallax_css\" style=\"background-image:linear-gradient(199deg, rgba(77,34,0,0.85) 0%,rgba(77,34,0,0.25) 100% 100%)\"><\/span><\/span><div class=\"et_pb_row_3 et_pb_row et_pb_equal_columns et_block_row preset--group--divi-row--divi-box-shadow--default\"><div class=\"et_pb_column_5 et_pb_column et_pb_column_1_2 et_block_column et_pb_css_mix_blend_mode_passthrough preset--group--divi-column--divi-box-shadow--default\"><div class=\"et_pb_heading_2 et_pb_heading et_pb_module et_flex_module preset--group--divi-heading--divi-box-shadow--default\"><div class=\"et_pb_heading_container\"><h1 class=\"et_pb_module_header\">Siga nuestro viaje. Suscr\u00edbase a nuestro bolet\u00edn<\/h1><\/div><\/div><div class=\"et_pb_text_1 et_pb_text et_pb_bg_layout_dark et_pb_module et_flex_module preset--group--divi-text--divi-box-shadow--default preset--group--divi-text--divi-font-body--default\"><div class=\"et_pb_text_inner\"><p>Env\u00eda tus datos y suscr\u00edbete a nuestro bolet\u00edn. Reciba informaci\u00f3n de primera mano sobre los proyectos, soluciones y causas que abrazamos y que nos transforman como empresa formada por personas.<\/p>\n<\/div><\/div><\/div><div class=\"et_pb_column_6 et_pb_column et_pb_column_1_2 et-last-child et_block_column et_pb_css_mix_blend_mode_passthrough preset--group--divi-column--divi-box-shadow--default\"><div class=\"et_pb_signup_0 et_pb_signup et_pb_newsletter et_pb_subscribe et_pb_no_bg et_pb_newsletter_description_no_title et_pb_newsletter_description_no_content et_pb_bg_layout_light et_pb_module et_flex_module preset--group--divi-signup--divi-box-shadow--default preset--group--divi-signup--divi-font-body--default\"><div class=\"et_pb_newsletter_description et_multi_view_hidden\"><\/div><div class=\"et_pb_newsletter_form\"><form method=\"post\" class=\"\" action=\"\"><div class=\"et_pb_newsletter_result et_pb_newsletter_error\"><\/div><div class=\"et_pb_newsletter_result et_pb_newsletter_success\"><h2>Gracias por su suscripci\u00f3n.<\/h2><\/div><div class=\"et_pb_newsletter_fields et_flex_module\"><p class=\"et_pb_newsletter_field et_pb_contact_field_last et_pb_contact_field_last_tablet et_pb_contact_field_last_phone\"><label class=\"et_pb_contact_form_label\" for=\"et_pb_signup_firstname\" style=\"display: none;\">Nombre<\/label><input class=\"input\" id=\"et_pb_signup_firstname\" type=\"text\" placeholder=\"Nombre\" name=\"et_pb_signup_firstname\" \/><\/p><p class=\"et_pb_newsletter_field et_pb_contact_field_last et_pb_contact_field_last_tablet et_pb_contact_field_last_phone\"><label class=\"et_pb_contact_form_label\" for=\"et_pb_signup_email\" style=\"display: none;\">Correo Electr\u00f3nico<\/label><input class=\"input\" id=\"et_pb_signup_email\" type=\"text\" placeholder=\"Correo Electr\u00f3nico\" name=\"et_pb_signup_email\" \/><\/p><p class=\"et_pb_newsletter_button_wrap\"><a class=\"et_pb_button et_pb_newsletter_button\" href=\"#\"><span class=\"et_subscribe_loader\"><\/span><span class=\"et_pb_newsletter_button_text\">Suscr\u00edbase a<\/span><\/a><\/p><div class=\"et_pb_newsletter_footer\"><p>Al firmar, declaro que he le\u00eddo y acepto el <a href=\"https:\/\/carldora.com\/es\/politica-de-privacidade\/\" data-et-target-link=\"_blank\" rel=\"noopener\">Pol\u00edtica de privacidad y condiciones generales<\/a><\/p>\n<\/div><\/div><input type=\"hidden\" name=\"et_pb_signup_provider\" value=\"mailchimp\" \/><input type=\"hidden\" name=\"et_pb_signup_list_id\" value=\"\" \/><input type=\"hidden\" name=\"et_pb_signup_account_name\" value=\"#\" \/><input type=\"hidden\" name=\"et_pb_signup_ip_address\" value=\"true\" \/><input type=\"hidden\" name=\"et_pb_signup_checksum\" value=\"6d8e1502d98a4bab809063b6ce2f1e86\" \/><input type=\"hidden\" name=\"trp-form-language\" value=\"es\"\/><\/form><\/div><\/div><\/div><\/div><\/div>","protected":false},"excerpt":{"rendered":"","protected":false},"author":1,"featured_media":0,"parent":0,"menu_order":0,"comment_status":"closed","ping_status":"closed","template":"","meta":{"_acf_changed":false,"_vp_format_video_url":"","_vp_image_focal_point":[],"footnotes":""},"class_list":["post-1376926","page","type-page","status-publish","hentry"],"acf":[],"yoast_head":"<!-- This site is optimized with the Yoast SEO plugin v27.1.1 - https:\/\/yoast.com\/product\/yoast-seo-wordpress\/ -->\n<title>In\u00edcio v2 - CARLDORA<\/title>\n<meta name=\"robots\" content=\"index, follow, max-snippet:-1, max-image-preview:large, max-video-preview:-1\" \/>\n<link rel=\"canonical\" href=\"https:\/\/carldora.com\/es\/inicio_v2\/\" \/>\n<meta property=\"og:locale\" content=\"es_ES\" \/>\n<meta property=\"og:type\" content=\"article\" \/>\n<meta property=\"og:title\" content=\"In\u00edcio v2 - CARLDORA\" \/>\n<meta property=\"og:url\" content=\"https:\/\/carldora.com\/es\/inicio_v2\/\" \/>\n<meta property=\"og:site_name\" content=\"CARLDORA\" \/>\n<meta property=\"article:modified_time\" content=\"2025-09-15T14:10:02+00:00\" \/>\n<meta name=\"twitter:card\" content=\"summary_large_image\" \/>\n<script type=\"application\/ld+json\" class=\"yoast-schema-graph\">{\"@context\":\"https:\/\/schema.org\",\"@graph\":[{\"@type\":\"WebPage\",\"@id\":\"https:\/\/carldora.com\/inicio_v2\/\",\"url\":\"https:\/\/carldora.com\/inicio_v2\/\",\"name\":\"In\u00edcio v2 - CARLDORA\",\"isPartOf\":{\"@id\":\"https:\/\/carldora.com\/#website\"},\"datePublished\":\"2025-02-13T21:26:11+00:00\",\"dateModified\":\"2025-09-15T14:10:02+00:00\",\"breadcrumb\":{\"@id\":\"https:\/\/carldora.com\/inicio_v2\/#breadcrumb\"},\"inLanguage\":\"es\",\"potentialAction\":[{\"@type\":\"ReadAction\",\"target\":[\"https:\/\/carldora.com\/inicio_v2\/\"]}]},{\"@type\":\"BreadcrumbList\",\"@id\":\"https:\/\/carldora.com\/inicio_v2\/#breadcrumb\",\"itemListElement\":[{\"@type\":\"ListItem\",\"position\":1,\"name\":\"In\u00edcio\",\"item\":\"https:\/\/carldora.com\/\"},{\"@type\":\"ListItem\",\"position\":2,\"name\":\"In\u00edcio v2\"}]},{\"@type\":\"WebSite\",\"@id\":\"https:\/\/carldora.com\/#website\",\"url\":\"https:\/\/carldora.com\/\",\"name\":\"CARLDORA\",\"description\":\"Pioneiros em Portugal no fabrico de Cofragens, Andaimes, Escoramentos, Entiva\u00e7\u00f5es de Valas e Estruturas Especiais.\",\"potentialAction\":[{\"@type\":\"SearchAction\",\"target\":{\"@type\":\"EntryPoint\",\"urlTemplate\":\"https:\/\/carldora.com\/?s={search_term_string}\"},\"query-input\":{\"@type\":\"PropertyValueSpecification\",\"valueRequired\":true,\"valueName\":\"search_term_string\"}}],\"inLanguage\":\"es\"}]}<\/script>\n<!-- \/ Yoast SEO plugin. -->","yoast_head_json":{"title":"In\u00edcio v2 - CARLDORA","robots":{"index":"index","follow":"follow","max-snippet":"max-snippet:-1","max-image-preview":"max-image-preview:large","max-video-preview":"max-video-preview:-1"},"canonical":"https:\/\/carldora.com\/es\/inicio_v2\/","og_locale":"es_ES","og_type":"article","og_title":"In\u00edcio v2 - CARLDORA","og_url":"https:\/\/carldora.com\/es\/inicio_v2\/","og_site_name":"CARLDORA","article_modified_time":"2025-09-15T14:10:02+00:00","twitter_card":"summary_large_image","schema":{"@context":"https:\/\/schema.org","@graph":[{"@type":"WebPage","@id":"https:\/\/carldora.com\/inicio_v2\/","url":"https:\/\/carldora.com\/inicio_v2\/","name":"In\u00edcio v2 - CARLDORA","isPartOf":{"@id":"https:\/\/carldora.com\/#website"},"datePublished":"2025-02-13T21:26:11+00:00","dateModified":"2025-09-15T14:10:02+00:00","breadcrumb":{"@id":"https:\/\/carldora.com\/inicio_v2\/#breadcrumb"},"inLanguage":"es","potentialAction":[{"@type":"ReadAction","target":["https:\/\/carldora.com\/inicio_v2\/"]}]},{"@type":"BreadcrumbList","@id":"https:\/\/carldora.com\/inicio_v2\/#breadcrumb","itemListElement":[{"@type":"ListItem","position":1,"name":"In\u00edcio","item":"https:\/\/carldora.com\/"},{"@type":"ListItem","position":2,"name":"In\u00edcio v2"}]},{"@type":"WebSite","@id":"https:\/\/carldora.com\/#website","url":"https:\/\/carldora.com\/","name":"CARLDORA","description":"Pioneiros em Portugal no fabrico de Cofragens, Andaimes, Escoramentos, Entiva\u00e7\u00f5es de Valas e Estruturas Especiais.","potentialAction":[{"@type":"SearchAction","target":{"@type":"EntryPoint","urlTemplate":"https:\/\/carldora.com\/?s={search_term_string}"},"query-input":{"@type":"PropertyValueSpecification","valueRequired":true,"valueName":"search_term_string"}}],"inLanguage":"es"}]}},"_links":{"self":[{"href":"https:\/\/carldora.com\/es\/wp-json\/wp\/v2\/pages\/1376926","targetHints":{"allow":["GET"]}}],"collection":[{"href":"https:\/\/carldora.com\/es\/wp-json\/wp\/v2\/pages"}],"about":[{"href":"https:\/\/carldora.com\/es\/wp-json\/wp\/v2\/types\/page"}],"author":[{"embeddable":true,"href":"https:\/\/carldora.com\/es\/wp-json\/wp\/v2\/users\/1"}],"replies":[{"embeddable":true,"href":"https:\/\/carldora.com\/es\/wp-json\/wp\/v2\/comments?post=1376926"}],"version-history":[{"count":5,"href":"https:\/\/carldora.com\/es\/wp-json\/wp\/v2\/pages\/1376926\/revisions"}],"predecessor-version":[{"id":1377640,"href":"https:\/\/carldora.com\/es\/wp-json\/wp\/v2\/pages\/1376926\/revisions\/1377640"}],"wp:attachment":[{"href":"https:\/\/carldora.com\/es\/wp-json\/wp\/v2\/media?parent=1376926"}],"curies":[{"name":"wp","href":"https:\/\/api.w.org\/{rel}","templated":true}]}}