{"id":3,"date":"2024-09-09T17:40:15","date_gmt":"2024-09-09T17:40:15","guid":{"rendered":"https:\/\/carldora.slideshow.com.pt\/?page_id=3"},"modified":"2026-03-09T18:14:52","modified_gmt":"2026-03-09T18:14:52","slug":"politica-de-privacidade","status":"publish","type":"page","link":"https:\/\/carldora.com\/en\/politica-de-privacidade\/","title":{"rendered":"Privacy Policy"},"content":{"rendered":"<div class=\"et_pb_section_0 et_pb_section et_section_regular et_block_section et_pb_section_parallax section_has_divider et_pb_bottom_divider preset--group--divi-section--divi-box-shadow--default\"><span class=\"et-pb-parallax-wrapper\"><span class=\"et-pb-parallax-background et-pb-parallax-background-module--divi-section-0\" style=\"background-image:url(https:\/\/carldora.com\/wp-content\/uploads\/2025\/04\/fachada_carldora_3d.webp)\"><\/span><span class=\"et_parallax_gradient\" style=\"background-image:linear-gradient(79deg, var(--gcid-eeb74bfe-e55f-4d73-b0e7-8bc5bccb080c) 0%,rgba(0,0,0,0) 52% 100%)\"><\/span><\/span><span class=\"et_pb_background_pattern\"><\/span>\n<div class=\"et_pb_row_0 et_pb_row et_block_row preset--group--divi-row--divi-box-shadow--default\" id=\"mensagem\">\n<div class=\"et_pb_column_0 et_pb_column et_pb_column_4_4 et-last-child et_block_column et_pb_css_mix_blend_mode_passthrough preset--group--divi-column--divi-box-shadow--default\">\n<div class=\"et_pb_heading_0 et_pb_heading et_animated et_pb_module et_block_module preset--group--divi-heading--divi-box-shadow--default\"><div class=\"et_pb_heading_container\"><h1 class=\"et_pb_module_header\">Privacy Policy<\/h1><\/div><\/div>\n<\/div>\n<\/div>\n<div class=\"et_pb_bottom_inside_divider et-no-transition\"><\/div><\/div>\n\n<div class=\"et_pb_section_1 et_pb_section et_section_regular et_block_section preset--group--divi-section--divi-box-shadow--default\">\n<div class=\"et_pb_row_1 et_pb_row et_block_row preset--group--divi-row--divi-box-shadow--default\">\n<div class=\"et_pb_column_1 et_pb_column et_pb_column_4_4 et-last-child et_block_column et_pb_css_mix_blend_mode_passthrough preset--group--divi-column--divi-box-shadow--default\">\n<div class=\"et_pb_text_0 et_pb_text et_pb_bg_layout_dark et_pb_module et_block_module preset--group--divi-text--divi-box-shadow--default preset--group--divi-text--divi-font-body--default\"><div class=\"et_pb_text_inner\"><pre><code>\t\t\t<!-- Flexy Breadcrumb -->\r\n\t\t\t<div class=\"fbc fbc-page\">\r\n\r\n\t\t\t\t<!-- Breadcrumb wrapper -->\r\n\t\t\t\t<div class=\"fbc-wrap\">\r\n\r\n\t\t\t\t\t<!-- Ordered list-->\r\n\t\t\t\t\t<ol class=\"fbc-items\" itemscope itemtype=\"https:\/\/schema.org\/BreadcrumbList\">\r\n\t\t\t\t\t\t            <li itemprop=\"itemListElement\" itemscope itemtype=\"https:\/\/schema.org\/ListItem\">\r\n                <span itemprop=\"name\">\r\n                    <!-- Home Link -->\r\n                    <a itemprop=\"item\" href=\"https:\/\/carldora.com\/en\/\">\r\n                    \r\n                                                    <i class=\"fa fa-home\" aria-hidden=\"true\"><\/i>                    <\/a>\r\n                <\/span>\r\n                <meta itemprop=\"position\" content=\"1\" \/><!-- Meta Position-->\r\n             <\/li><li><span class=\"fbc-separator\">><\/span><\/li><li class=\"active\" itemprop=\"itemListElement\" itemscope itemtype=\"https:\/\/schema.org\/ListItem\"><span itemprop=\"name\" title=\"Privacy Policy\">Privacy Policy<\/span><meta itemprop=\"position\" content=\"2\" \/><\/li>\t\t\t\t\t<\/ol>\r\n\t\t\t\t\t<div class=\"clearfix\"><\/div>\r\n\t\t\t\t<\/div>\r\n\t\t\t<\/div>\r\n\t\t\t<\/code><\/pre>\n<\/div><\/div>\n<\/div>\n<\/div>\n<\/div>\n\n<div class=\"et_pb_section_2 et_pb_section et_section_regular et_block_section preset--group--divi-section--divi-box-shadow--default\">\n<div class=\"et_pb_row_2 et_pb_row et_block_row preset--group--divi-row--divi-box-shadow--default\">\n<div class=\"et_pb_column_2 et_pb_column et_pb_column_4_4 et-last-child et_block_column et_pb_css_mix_blend_mode_passthrough preset--group--divi-column--divi-box-shadow--default\">\n<div class=\"et_pb_text_1 et_pb_text et_pb_bg_layout_dark et_pb_module et_block_module preset--group--divi-text--divi-box-shadow--default preset--group--divi-text--divi-font-body--default\"><div class=\"et_pb_text_inner\"><h3><strong>1. NOTIFICA\u00c7\u00c3O DE PRIVACIDADE<\/strong><\/h3>\n<p>A Carldora assume a confidencialidade na utiliza\u00e7\u00e3o dos seus dados pessoais, como garantia da nossa atividade. Apenas ser\u00e3o utilizados os seus dados pessoais para finalidades claramente identificadas e de acordo com os seus direitos de prote\u00e7\u00e3o de dados. A confidencialidade e a integridade dos seus dados pessoais s\u00e3o uma das nossas principais preocupa\u00e7\u00f5es.<\/p>\n<h3><strong><\/strong><\/h3>\n<h3><strong><\/strong><\/h3>\n<h3><strong>2. QUE INFORMA\u00c7\u00c3O RECOLHEMOS<\/strong><\/h3>\n<p>Recolhemos informa\u00e7\u00e3o acerca de si quando se regista no nosso website ou coloca um pedido de aquisi\u00e7\u00e3o de produtos ou servi\u00e7os. Tamb\u00e9m recolhemos informa\u00e7\u00e3o sua quando voluntariamente preenche question\u00e1rios, fornece feedback, subscreve newsletters ou feeds, nos telefona ou escreve.<\/p>\n<p>Os dados pessoais recolhidos s\u00e3o os necess\u00e1rios \u00e0 finalidade pela qual nos contactou, tratando nesse \u00e2mbito dados como o nome, a morada, o n\u00famero de telefone, o endere\u00e7o de correio eletr\u00f3nico, o assunto, o NIF (no caso de uma transa\u00e7\u00e3o comercial) e o documento de identifica\u00e7\u00e3o (no caso do exerc\u00edcio de um direito). Ao disponibilizar os seus dados pessoais, est\u00e1 a autorizar a recolha, uso e divulga\u00e7\u00e3o dos mesmos de acordo com as regras aqui definidas.<\/p>\n<p>Pedimos-lhe que n\u00e3o envie ou partilhe com a Carldora qualquer informa\u00e7\u00e3o pessoal sens\u00edvel como a origem racial ou \u00e9tnica, as opini\u00f5es pol\u00edticas, as convic\u00e7\u00f5es religiosas ou filos\u00f3ficas, ou a filia\u00e7\u00e3o sindical, bem como dados gen\u00e9ticos, dados biom\u00e9tricos, dados relativos \u00e0 sa\u00fade ou dados relativos \u00e0 vida ou orienta\u00e7\u00e3o sexual.<\/p>\n<p>A informa\u00e7\u00e3o de uso do website \u00e9 recolhida usando cookies, mas n\u00e3o o identificam especificamente, sendo ou podendo ser recolhidos os dados seguintes:<\/p>\n<ul>\n<li>Nome, contacto telef\u00f3nico, email, \u2026<\/li>\n<li>Endere\u00e7o IP<\/li>\n<li>Localiza\u00e7\u00e3o geogr\u00e1fica<\/li>\n<li>Informa\u00e7\u00e3o acerca do dispositivo que est\u00e1 a aceder ao website, nomeadamente, tipo e vers\u00e3o do navegador, sistema operativo, resolu\u00e7\u00e3o do ecr\u00e3, linguagem preferida, informa\u00e7\u00e3o contida nos cabe\u00e7alhos HTTP e vers\u00e3o do agente.<\/li>\n<li>O motor de busca que usou para localizar e aceder ao website.<\/li>\n<li>Data e tempo de atividade no website, bem como, p\u00e1ginas web e conte\u00fados visitados e clicados.<\/li>\n<\/ul>\n<p>Os dados pessoais que recolhidos neste site, s\u00e3o apenas no formul\u00e1rio geral de contato (carldora.com) e no formul\u00e1rio de candidatura (carldora.com\/candidatura).<\/p>\n<h5><strong><\/strong><\/h5>\n<h5><strong>2.1.1. Formul\u00e1rio Geral de Contato<\/strong><\/h5>\n<p>Os dados pessoais recolhidos atrav\u00e9s do preenchimento do formul\u00e1rio geral de contato dispon\u00edvel em carldora.com, ser\u00e3o tratados de forma confidencial pela Carldora enquanto respons\u00e1vel pelo tratamento dos dados pessoais para o efeito de presta\u00e7\u00e3o de quaisquer esclarecimentos.<\/p>\n<h5><strong><\/strong><\/h5>\n<h5><strong>2.1.2. Formul\u00e1rio de Candidatura<\/strong><\/h5>\n<p>Os dados pessoais recolhidos atrav\u00e9s do preenchimento do formul\u00e1rio de candidatura dispon\u00edvel em (carldora.com\/candidatura), ser\u00e3o tratados de forma confidencial pela Carldora enquanto respons\u00e1vel pelo tratamento dos dados pessoais para o efeito de processo de sele\u00e7\u00e3o e recrutamento da empresa.<\/p>\n<p>Importa real\u00e7ar que esta informa\u00e7\u00e3o de uso n\u00e3o o identifica deliberadamente e se excecionalmente o identificar a mesma ser\u00e1 anonimizada de imediato. Ao ceder informa\u00e7\u00e3o est\u00e1 a dar o seu consentimento informado e inequ\u00edvoco de que consente o tratamento dos dados que lhe digam respeito de forma automatizada. Alguns dos dados solicitados s\u00e3o de car\u00e1ter obrigat\u00f3rio, estando os mesmos identificados, podendo a falta ou inexatid\u00e3o das respostas dadas comprometer o servi\u00e7o prestado.<\/p>\n<h3><strong><\/strong><\/h3>\n<h3><strong><\/strong><\/h3>\n<h3><strong>3. DE QUE FORMA A INFORMA\u00c7\u00c3O \u00c9 RECOLHIDA<\/strong><\/h3>\n<p>A presente Pol\u00edtica de Privacidade estabelece a forma como a Carldora, utiliza os seus dados pessoais, para as seguintes finalidades:<\/p>\n<ul>\n<li>Promo\u00e7\u00e3o e presta\u00e7\u00e3o de servi\u00e7os, produtos ou eventos<\/li>\n<li>Suporte<\/li>\n<li>Monitoriza\u00e7\u00e3o e seguran\u00e7a<\/li>\n<\/ul>\n<p>Os dados recolhidos servem para processar o seu pedido, gerir a sua conta e, se concordar, enviar-lhe por correio eletr\u00f3nico informa\u00e7\u00e3o acerca de outros produtos e servi\u00e7os que pensamos serem do seu interesse. A informa\u00e7\u00e3o recolhida do website \u00e9 utilizada para personalizar as suas pr\u00f3ximas visitas ao nosso website.<\/p>\n<p>A Carldora, n\u00e3o partilha a sua informa\u00e7\u00e3o para campanhas de marketing com empresas n\u00e3o pertencentes ao grupo nem transfere os seus dados pessoais para um pa\u00eds terceiro.<\/p>\n<p>Embora a informa\u00e7\u00e3o fornecida seja geralmente tratada como privada na Carldora, os dados recolhidos ser\u00e3o utilizados em conformidade com o regulamento de prote\u00e7\u00e3o de dados pessoais, durante todo o processo de tratamento; pode, no entanto, ser necess\u00e1rio transferir dados pessoais de forma privada para outros \u00f3rg\u00e3os, nomeadamente, o judicial, e ao processar o seu pedido, podemos enviar os seus dados para e, tamb\u00e9m, usar informa\u00e7\u00e3o de ag\u00eancias de cr\u00e9dito e de preven\u00e7\u00e3o de fraudes.<\/p>\n<p>A informa\u00e7\u00e3o recolhida neste website n\u00e3o envolve a tomada de decis\u00f5es automatizadas, incluindo a defini\u00e7\u00e3o de perfis. Neste website n\u00e3o s\u00e3o efetuadas compara\u00e7\u00f5es, interconex\u00f5es ou qualquer outra forma de inter-relacionar as informa\u00e7\u00f5es registadas. A informa\u00e7\u00e3o poder\u00e1 estar sujeita a circular em rede aberta e por isso os seus dados correm o risco de serem vistos e utilizados por terceiros n\u00e3o autorizados. Se concordar iremos enviar a sua informa\u00e7\u00e3o pessoal \u00e0s diversas empresas com quem a Carldora trabalha para que lhe possam oferecer os seus produtos e servi\u00e7os.<\/p>\n<p>A Carldora, s\u00f3 aceita registos de utilizadores com pelo menos 18 anos de idade. Os canais de comunica\u00e7\u00e3o da Carldora, n\u00e3o s\u00e3o direcionados a utilizadores menores de idade. Se souber de algum registo efetuado por um menor agradecemos que nos alerte de tal facto a fim de procedermos de imediato \u00e0 remo\u00e7\u00e3o do registo do mesmo.<\/p>\n<p>&nbsp;<\/p>\n<p>Os destinat\u00e1rios ou categorias de destinat\u00e1rios dos seus dados pessoais dependendo da ferramenta de contacto que utilizar s\u00e3o os departamentos de Call Center, Recursos Humanos, Qualidade, Pr\u00e9-Venda e Comercial e Suporte T\u00e9cnico. Partilharemos os seus dados pessoais com o seu consentimento ou, conforme necess\u00e1rio, para concluir qualquer transa\u00e7\u00e3o ou fornecer qualquer servi\u00e7o que solicitou. Tamb\u00e9m partilhamos os dados com afiliados controlados pela Carldora, e subsidi\u00e1rias; com vendedores que trabalham em nosso nome; quando exigido por lei ou para responder ao processo legal; para proteger os nossos clientes; para proteger vidas; para manter a seguran\u00e7a dos nossos servi\u00e7os; e para proteger os direitos de propriedade ou a empresa Carldora.<\/p>\n<h3><strong><\/strong><\/h3>\n<h3><strong><\/strong><\/h3>\n<h3><strong>4. DIREITOS DO TITULAR DOS DADOS<\/strong><\/h3>\n<p>A Carldora quer ter a certeza da exatid\u00e3o e fiabilidade da informa\u00e7\u00e3o que retemos acerca de si e por isso confiamos no Utilizador, para nos fornecer informa\u00e7\u00f5es precisas e completas e para proceder \u00e0 atualiza\u00e7\u00e3o dos dados em rela\u00e7\u00e3o a qualquer altera\u00e7\u00e3o na informa\u00e7\u00e3o fornecida.<\/p>\n<p>Poder\u00e1 retirar o consentimento a qualquer altura, sem comprometer a licitude do tratamento efetuado com base no consentimento previamente obtido e o direito de solicitar o acesso aos dados pessoais que a si lhe digam respeito, bem como a retifica\u00e7\u00e3o ou apagamento, a limita\u00e7\u00e3o do tratamento no que lhe disser respeito, ou o direito de se opor ao tratamento, bem como o direito \u00e0 portabilidade dos mesmos.<\/p>\n<p>Tem o direito de apresentar reclama\u00e7\u00e3o a qualquer Autoridade de Controlo da Uni\u00e3o Europeia em rela\u00e7\u00e3o \u00e0 prote\u00e7\u00e3o dos seus dados pessoais. A Carldora prestar\u00e1 a sua colabora\u00e7\u00e3o \u00e0 Autoridade de Controlo facultando-lhe todas as informa\u00e7\u00f5es que por esta, no exerc\u00edcio das suas compet\u00eancias, lhe forem solicitadas. Tem ainda o direito de apresentar uma reclama\u00e7\u00e3o \u00e0 Comiss\u00e3o Nacional de Prote\u00e7\u00e3o de Dados\u00a0<span><a href=\"https:\/\/www.cnpd.pt\/\">https:\/\/www.cnpd.pt\/<\/a><\/span>.<\/p>\n<p>N\u00e3o est\u00e3o inclu\u00eddos no ponto anterior os dados pessoais necess\u00e1rios, que no contrato em que o Utilizador fa\u00e7a parte, para o cumprimento das obriga\u00e7\u00f5es jur\u00eddicas a que o Respons\u00e1vel do tratamento esteja sujeito para efeitos dos interesses leg\u00edtimos prosseguidos pela Carldora.<\/p>\n<p>Caso pretenda exercer alguns dos seus direitos, dever\u00e1 entrar em contacto com o Respons\u00e1vel pelo Tratamento, atrav\u00e9s do email rgpd@carldora.com ou em alternativa atrav\u00e9s do endere\u00e7o postal: Rua da Escola, N\u00ba 121, Eira-Velha, 2420-205 Colmeias, Leiria. Poder\u00e1 ser-lhe pedido que fa\u00e7a prova da sua identidade de modo a assegurar que a partilha dos dados pessoais \u00e9 apenas feita com o seu titular.<\/p>\n<p>Se os pedidos apresentados pelo Utilizador forem manifestamente infundados ou excessivos, nomeadamente devido ao seu car\u00e1ter repetitivo, a Carldora, ao abrigo do quadro legal vigente, pode exigir o pagamento de uma taxa razo\u00e1vel tendo em conta os custos administrativos do fornecimento das informa\u00e7\u00f5es ou da comunica\u00e7\u00e3o, ou de tomada das medidas solicitadas ou recusar-se a dar seguimento ao pedido<strong>.<\/strong><\/p>\n<h3><strong><\/strong><\/h3>\n<h3><strong><\/strong><\/h3>\n<h3><strong>5. SEGURAN\u00c7A<\/strong><\/h3>\n<p>A Carldora assegura um n\u00edvel adequado de seguran\u00e7a, ao aplicar medidas t\u00e9cnicas e organizativas, tendo em conta o risco de manter em arquivo dados pessoais e transmitir os mesmos. De momento, a Carldora disp\u00f5e de um sistema inform\u00e1tico com capacidade de resistir, com elevado n\u00edvel de confian\u00e7a, a eventos acidentais ou a a\u00e7\u00f5es maliciosas ou il\u00edcitas que comprometam a disponibilidade, a autenticidade, a integridade e a confidencialidade dos dados pessoais conservados ou transmitidos, bem como a seguran\u00e7a dos servi\u00e7os conexos oferecidos ou acess\u00edveis atrav\u00e9s destas redes e sistemas.<\/p>\n<h3><strong><\/strong><\/h3>\n<h3><strong><\/strong><\/h3>\n<h3><strong>6. CONTACTOS<\/strong><\/h3>\n<p>Se tiver alguma d\u00favida sobre a nossa Pol\u00edtica de Privacidade, sobre a privacidade e seguran\u00e7a das suas informa\u00e7\u00f5es, ou pretender adicionar, remover ou modificar alguma informa\u00e7\u00e3o a que n\u00e3o tenha acesso, poder\u00e1 contactar-nos atrav\u00e9s de:<\/p>\n<p>Telefone: 244 720 700<br \/>Email:\u00a0<span><a href=\"mailto:rgpd@carldora.com\">rgpd@carldora.com<\/a><br \/><\/span>Correio: Rua da Escola, N\u00ba 121, Eira-Velha, 2420-205 Colmeias, Leiria<\/p>\n<\/div><\/div>\n<\/div>\n<\/div>\n<\/div>","protected":false},"excerpt":{"rendered":"","protected":false},"author":1,"featured_media":0,"parent":0,"menu_order":0,"comment_status":"closed","ping_status":"closed","template":"","meta":{"_acf_changed":false,"_vp_format_video_url":"","_vp_image_focal_point":[],"footnotes":""},"class_list":["post-3","page","type-page","status-publish","hentry"],"acf":[],"yoast_head":"<!-- This site is optimized with the Yoast SEO plugin v27.1.1 - https:\/\/yoast.com\/product\/yoast-seo-wordpress\/ -->\n<title>Pol\u00edtica de Privacidade - CARLDORA<\/title>\n<meta name=\"robots\" content=\"index, follow, max-snippet:-1, max-image-preview:large, max-video-preview:-1\" \/>\n<link rel=\"canonical\" href=\"https:\/\/carldora.com\/en\/politica-de-privacidade\/\" \/>\n<meta property=\"og:locale\" content=\"en_GB\" \/>\n<meta property=\"og:type\" content=\"article\" \/>\n<meta property=\"og:title\" content=\"Pol\u00edtica de Privacidade - CARLDORA\" \/>\n<meta property=\"og:url\" content=\"https:\/\/carldora.com\/en\/politica-de-privacidade\/\" \/>\n<meta property=\"og:site_name\" content=\"CARLDORA\" \/>\n<meta property=\"article:modified_time\" content=\"2026-03-09T18:14:52+00:00\" \/>\n<meta name=\"twitter:card\" content=\"summary_large_image\" \/>\n<script type=\"application\/ld+json\" class=\"yoast-schema-graph\">{\"@context\":\"https:\/\/schema.org\",\"@graph\":[{\"@type\":\"WebPage\",\"@id\":\"https:\/\/carldora.com\/politica-de-privacidade\/\",\"url\":\"https:\/\/carldora.com\/politica-de-privacidade\/\",\"name\":\"Pol\u00edtica de Privacidade - CARLDORA\",\"isPartOf\":{\"@id\":\"https:\/\/carldora.com\/#website\"},\"datePublished\":\"2024-09-09T17:40:15+00:00\",\"dateModified\":\"2026-03-09T18:14:52+00:00\",\"breadcrumb\":{\"@id\":\"https:\/\/carldora.com\/politica-de-privacidade\/#breadcrumb\"},\"inLanguage\":\"en-GB\",\"potentialAction\":[{\"@type\":\"ReadAction\",\"target\":[\"https:\/\/carldora.com\/politica-de-privacidade\/\"]}]},{\"@type\":\"BreadcrumbList\",\"@id\":\"https:\/\/carldora.com\/politica-de-privacidade\/#breadcrumb\",\"itemListElement\":[{\"@type\":\"ListItem\",\"position\":1,\"name\":\"In\u00edcio\",\"item\":\"https:\/\/carldora.com\/\"},{\"@type\":\"ListItem\",\"position\":2,\"name\":\"Pol\u00edtica de Privacidade\"}]},{\"@type\":\"WebSite\",\"@id\":\"https:\/\/carldora.com\/#website\",\"url\":\"https:\/\/carldora.com\/\",\"name\":\"CARLDORA\",\"description\":\"Pioneiros em Portugal no fabrico de Cofragens, Andaimes, Escoramentos, Entiva\u00e7\u00f5es de Valas e Estruturas Especiais.\",\"potentialAction\":[{\"@type\":\"SearchAction\",\"target\":{\"@type\":\"EntryPoint\",\"urlTemplate\":\"https:\/\/carldora.com\/?s={search_term_string}\"},\"query-input\":{\"@type\":\"PropertyValueSpecification\",\"valueRequired\":true,\"valueName\":\"search_term_string\"}}],\"inLanguage\":\"en-GB\"}]}<\/script>\n<!-- \/ Yoast SEO plugin. -->","yoast_head_json":{"title":"Pol\u00edtica de Privacidade - CARLDORA","robots":{"index":"index","follow":"follow","max-snippet":"max-snippet:-1","max-image-preview":"max-image-preview:large","max-video-preview":"max-video-preview:-1"},"canonical":"https:\/\/carldora.com\/en\/politica-de-privacidade\/","og_locale":"en_GB","og_type":"article","og_title":"Pol\u00edtica de Privacidade - CARLDORA","og_url":"https:\/\/carldora.com\/en\/politica-de-privacidade\/","og_site_name":"CARLDORA","article_modified_time":"2026-03-09T18:14:52+00:00","twitter_card":"summary_large_image","schema":{"@context":"https:\/\/schema.org","@graph":[{"@type":"WebPage","@id":"https:\/\/carldora.com\/politica-de-privacidade\/","url":"https:\/\/carldora.com\/politica-de-privacidade\/","name":"Pol\u00edtica de Privacidade - CARLDORA","isPartOf":{"@id":"https:\/\/carldora.com\/#website"},"datePublished":"2024-09-09T17:40:15+00:00","dateModified":"2026-03-09T18:14:52+00:00","breadcrumb":{"@id":"https:\/\/carldora.com\/politica-de-privacidade\/#breadcrumb"},"inLanguage":"en-GB","potentialAction":[{"@type":"ReadAction","target":["https:\/\/carldora.com\/politica-de-privacidade\/"]}]},{"@type":"BreadcrumbList","@id":"https:\/\/carldora.com\/politica-de-privacidade\/#breadcrumb","itemListElement":[{"@type":"ListItem","position":1,"name":"In\u00edcio","item":"https:\/\/carldora.com\/"},{"@type":"ListItem","position":2,"name":"Pol\u00edtica de Privacidade"}]},{"@type":"WebSite","@id":"https:\/\/carldora.com\/#website","url":"https:\/\/carldora.com\/","name":"CARLDORA","description":"Pioneiros em Portugal no fabrico de Cofragens, Andaimes, Escoramentos, Entiva\u00e7\u00f5es de Valas e Estruturas Especiais.","potentialAction":[{"@type":"SearchAction","target":{"@type":"EntryPoint","urlTemplate":"https:\/\/carldora.com\/?s={search_term_string}"},"query-input":{"@type":"PropertyValueSpecification","valueRequired":true,"valueName":"search_term_string"}}],"inLanguage":"en-GB"}]}},"_links":{"self":[{"href":"https:\/\/carldora.com\/en\/wp-json\/wp\/v2\/pages\/3","targetHints":{"allow":["GET"]}}],"collection":[{"href":"https:\/\/carldora.com\/en\/wp-json\/wp\/v2\/pages"}],"about":[{"href":"https:\/\/carldora.com\/en\/wp-json\/wp\/v2\/types\/page"}],"author":[{"embeddable":true,"href":"https:\/\/carldora.com\/en\/wp-json\/wp\/v2\/users\/1"}],"replies":[{"embeddable":true,"href":"https:\/\/carldora.com\/en\/wp-json\/wp\/v2\/comments?post=3"}],"version-history":[{"count":9,"href":"https:\/\/carldora.com\/en\/wp-json\/wp\/v2\/pages\/3\/revisions"}],"predecessor-version":[{"id":1382141,"href":"https:\/\/carldora.com\/en\/wp-json\/wp\/v2\/pages\/3\/revisions\/1382141"}],"wp:attachment":[{"href":"https:\/\/carldora.com\/en\/wp-json\/wp\/v2\/media?parent=3"}],"curies":[{"name":"wp","href":"https:\/\/api.w.org\/{rel}","templated":true}]}}