{"id":1376290,"date":"2024-12-02T17:40:53","date_gmt":"2024-12-02T17:40:53","guid":{"rendered":"https:\/\/carldora.slideshow.com.pt\/?page_id=1376290"},"modified":"2026-03-09T11:29:48","modified_gmt":"2026-03-09T11:29:48","slug":"solutions","status":"publish","type":"page","link":"https:\/\/carldora.com\/en\/solutions\/","title":{"rendered":"Solutions"},"content":{"rendered":"<div class=\"et_pb_section_0 et_pb_section et_section_regular et_block_section section_has_divider et_pb_bottom_divider preset--group--divi-section--divi-box-shadow--default\"><span class=\"et_pb_background_pattern\"><\/span>\n<div class=\"et_pb_row_0 et_pb_row et_block_row preset--group--divi-row--divi-box-shadow--default\" id=\"mensagem\">\n<div class=\"et_pb_column_0 et_pb_column et_pb_column_4_4 et-last-child et_block_column et_pb_css_mix_blend_mode_passthrough preset--group--divi-column--divi-box-shadow--default\">\n<div class=\"et_pb_heading_0 et_pb_heading et_pb_module et_block_module preset--group--divi-heading--divi-box-shadow--default\"><div class=\"et_pb_heading_container\"><h1 class=\"et_pb_module_header\">Solutions<\/h1><\/div><\/div>\n<\/div>\n<\/div>\n<div class=\"et_pb_bottom_inside_divider et-no-transition\"><\/div><\/div>\n\n<div class=\"et_pb_section_1 et_pb_section et_section_regular et_block_section preset--group--divi-section--divi-box-shadow--default\">\n<div class=\"et_pb_row_1 et_pb_row et_block_row preset--group--divi-row--divi-box-shadow--default\">\n<div class=\"et_pb_column_1 et_pb_column et_pb_column_4_4 et-last-child et_block_column et_pb_css_mix_blend_mode_passthrough preset--group--divi-column--divi-box-shadow--default\">\n<div class=\"et_pb_text_0 et_pb_text et_pb_bg_layout_dark et_pb_module et_block_module preset--group--divi-text--divi-box-shadow--default preset--group--divi-text--divi-font-body--default\"><div class=\"et_pb_text_inner\"><pre><code>\t\t\t<!-- Flexy Breadcrumb -->\r\n\t\t\t<div class=\"fbc fbc-page\">\r\n\r\n\t\t\t\t<!-- Breadcrumb wrapper -->\r\n\t\t\t\t<div class=\"fbc-wrap\">\r\n\r\n\t\t\t\t\t<!-- Ordered list-->\r\n\t\t\t\t\t<ol class=\"fbc-items\" itemscope itemtype=\"https:\/\/schema.org\/BreadcrumbList\">\r\n\t\t\t\t\t\t            <li itemprop=\"itemListElement\" itemscope itemtype=\"https:\/\/schema.org\/ListItem\">\r\n                <span itemprop=\"name\">\r\n                    <!-- Home Link -->\r\n                    <a itemprop=\"item\" href=\"https:\/\/carldora.com\/en\/\">\r\n                    \r\n                                                    <i class=\"fa fa-home\" aria-hidden=\"true\"><\/i>                    <\/a>\r\n                <\/span>\r\n                <meta itemprop=\"position\" content=\"1\" \/><!-- Meta Position-->\r\n             <\/li><li><span class=\"fbc-separator\">><\/span><\/li><li class=\"active\" itemprop=\"itemListElement\" itemscope itemtype=\"https:\/\/schema.org\/ListItem\"><span itemprop=\"name\" title=\"Solutions\">Solutions<\/span><meta itemprop=\"position\" content=\"2\" \/><\/li>\t\t\t\t\t<\/ol>\r\n\t\t\t\t\t<div class=\"clearfix\"><\/div>\r\n\t\t\t\t<\/div>\r\n\t\t\t<\/div>\r\n\t\t\t<\/code><\/pre>\n<\/div><\/div>\n<\/div>\n<\/div>\n<\/div>\n\n<div class=\"et_pb_section_2 et_pb_section et_section_regular et_flex_section preset--group--divi-section--divi-box-shadow--default\">\n<div class=\"et_pb_row_2 et_pb_row et_block_row preset--group--divi-row--divi-box-shadow--default\">\n<div class=\"et_pb_column_2 et_pb_column et_pb_column_4_4 et-last-child et_block_column et_pb_css_mix_blend_mode_passthrough preset--group--divi-column--divi-box-shadow--default\">\n<div class=\"et_pb_text_1 et_pb_text et_pb_bg_layout_dark et_pb_module et_block_module preset--group--divi-text--divi-box-shadow--default preset--group--divi-text--divi-font-body--default\"><div class=\"et_pb_text_inner\"><p>Focussed on major projects and the results our clients want, we are now a partner that offers solutions rather than products, distinguishing ourselves in the market by the way we operate.<\/p>\n<\/div><\/div>\n<\/div>\n<\/div>\n\n<div class=\"et_pb_row_3 et_pb_row et_flex_row preset--group--divi-row--divi-box-shadow--default\">\n<div class=\"et_pb_column_3 et_pb_column et-last-child et_flex_column et_pb_css_mix_blend_mode_passthrough et_flex_column_24_24 et_flex_column_12_24_tablet et_flex_column_24_24_phone preset--group--divi-column--divi-box-shadow--default\">\n<div class=\"et_pb_heading_1 et_pb_heading et_pb_module et_flex_module preset--group--divi-heading--divi-box-shadow--default\"><div class=\"et_pb_heading_container\"><h4 class=\"et_pb_module_header\">Design<\/h4><\/div><\/div>\n\n<div class=\"et_pb_heading_2 et_pb_heading et_pb_module et_flex_module preset--group--divi-heading--divi-box-shadow--default\"><div class=\"et_pb_heading_container\"><h4 class=\"et_pb_module_header\">Technical alignment with the client<\/h4><\/div><\/div>\n\n<div class=\"et_pb_heading_3 et_pb_heading et_pb_module et_flex_module preset--group--divi-heading--divi-box-shadow--default\"><div class=\"et_pb_heading_container\"><h4 class=\"et_pb_module_header\">Optimising the use of materials and production processes<\/h4><\/div><\/div>\n\n<div class=\"et_pb_heading_4 et_pb_heading et_pb_module et_flex_module preset--group--divi-heading--divi-box-shadow--default\"><div class=\"et_pb_heading_container\"><h4 class=\"et_pb_module_header\">Assembly \/ Disassembly<\/h4><\/div><\/div>\n\n<div class=\"et_pb_heading_5 et_pb_heading et_pb_module et_flex_module preset--group--divi-heading--divi-box-shadow--default\"><div class=\"et_pb_heading_container\"><h4 class=\"et_pb_module_header\">Technical support<\/h4><\/div><\/div>\n<\/div>\n<\/div>\n<\/div>\n\n<div class=\"et_pb_section_3 et_pb_section et_section_regular et_flex_section preset--group--divi-section--divi-box-shadow--default\"><span class=\"et_pb_background_pattern\"><\/span>\n<div class=\"et_pb_row_4 et_pb_row et_flex_row preset--group--divi-row--divi-box-shadow--default\">\n<div class=\"et_pb_column_4 et_pb_column et-last-child et_flex_column et_pb_css_mix_blend_mode_passthrough et_flex_column_24_24 et_flex_column_24_24_tablet et_flex_column_24_24_phone preset--group--divi-column--divi-box-shadow--default\">\n<div class=\"et_pb_testimonial_0 et_pb_testimonial et_pb_icon_off et_pb_bg_layout_dark et_pb_text_align_center-phone et_pb_module et_block_module preset--group--divi-testimonial--divi-box-shadow--default preset--group--divi-testimonial--divi-font-body--default\"><div class=\"et_pb_testimonial_inner\"><div class=\"et_pb_testimonial_portrait\" style=\"background-image:url(https:\/\/carldora.com\/wp-content\/uploads\/2025\/04\/Emidio_Gaspar_MG_5269_quadrado.webp)\"><\/div><div class=\"et_pb_testimonial_description\"><div class=\"et_pb_testimonial_description_inner\"><div class=\"et_pb_testimonial_content\" data-et-mv-hidden-phone=\"true\"><p>\"Diga-nos qual o seu projeto e n\u00f3s criamos a solu\u00e7\u00e3o\"<\/p>\n<\/div><\/div><div class=\"et_pb_testimonial_author\">Em\u00eddio Ferreira Gaspar<\/div><div class=\"et_pb_testimonial_meta\"><span class=\"et_pb_testimonial_position\">Founder and Chairman of the Board<\/span><\/div><\/div><\/div><\/div>\n<\/div>\n<\/div>\n<\/div>\n\n<div class=\"et_pb_section_4 et_pb_section et_section_regular et_flex_section preset--group--divi-section--divi-box-shadow--default\">\n<div class=\"et_pb_row_5 et_pb_row et_flex_row preset--group--divi-row--divi-box-shadow--default\">\n<div class=\"et_pb_column_5 et_pb_column et-last-child et_flex_column et_pb_css_mix_blend_mode_passthrough et_flex_column_24_24 et_flex_column_24_24_tablet et_flex_column_24_24_phone preset--group--divi-column--divi-box-shadow--default\">\n<div class=\"et_pb_divider_0 et_pb_divider et_pb_space et_pb_divider_position_bottom et_pb_module preset--group--divi-divider--divi-box-shadow--default\"><div class=\"et_pb_divider_internal\"><\/div><\/div>\n\n<div class=\"et_pb_heading_6 et_pb_heading et_pb_module et_block_module preset--group--divi-heading--divi-box-shadow--default\"><div class=\"et_pb_heading_container\"><h2 class=\"et_pb_module_header\">Learn more about our solutions<\/h2><\/div><\/div>\n\n<div class=\"et_pb_divider_1 et_pb_divider et_pb_space et_pb_divider_position_bottom et_pb_module preset--group--divi-divider--divi-box-shadow--default\"><div class=\"et_pb_divider_internal\"><\/div><\/div>\n<\/div>\n<\/div>\n\n<div class=\"et_pb_row_6 et_pb_row et_flex_row preset--group--divi-row--divi-box-shadow--default\">\n<div class=\"et_pb_column_6 et_pb_column et-last-child et_grid_column et_pb_css_mix_blend_mode_passthrough et_flex_column_24_24 et_flex_column_24_24_tablet et_flex_column_24_24_phone preset--group--divi-column--divi-box-shadow--default\">\n<div class=\"et_pb_group_0 et_pb_group et_pb_module et_flex_group et_pb_css_mix_blend_mode_passthrough et_animated preset--group--divi-group--divi-box-shadow--default\">\n<div class=\"et_pb_heading_7 et_pb_heading et_pb_module et_block_module preset--group--divi-heading--divi-box-shadow--default\"><div class=\"et_pb_heading_container\"><h3 class=\"et_pb_module_header\">Shuttering<\/h3><\/div><\/div>\n\n<div class=\"et_pb_text_2 et_pb_text et_pb_bg_layout_dark et_pb_module et_block_module preset--group--divi-text--divi-box-shadow--default preset--group--divi-text--divi-font-body--default\"><div class=\"et_pb_text_inner\"><p>Carldora has developed its autonomous capacity and experience in Engineering, with a technical office equipped with state-of-the-art technology and qualified professionals. Its main objective is to provide efficient solutions in metal formwork<\/p>\n<\/div><\/div>\n\n<div class=\"et_pb_module et_pb_button_module_wrapper et_pb_button_0_wrapper preset--group--divi-button--divi-box-shadow--default_wrapper preset--module--divi-button--default_wrapper\"><a class=\"et_pb_button_0 et_pb_button et_pb_bg_layout_dark et_pb_module et_block_module preset--group--divi-button--divi-box-shadow--default preset--module--divi-button--default\" href=\"https:\/\/carldora.com\/en\/cofragens\/\">Learn more<\/a><\/div>\n<\/div>\n\n<div class=\"et_pb_group_1 et_pb_group et_pb_module et_flex_group et_pb_css_mix_blend_mode_passthrough et_animated preset--group--divi-group--divi-box-shadow--default\">\n<div class=\"et_pb_heading_8 et_pb_heading et_pb_module et_block_module preset--group--divi-heading--divi-box-shadow--default\"><div class=\"et_pb_heading_container\"><h3 class=\"et_pb_module_header\">Structural reinforcement and stabilisation<\/h3><\/div><\/div>\n\n<div class=\"et_pb_text_3 et_pb_text et_pb_bg_layout_dark et_pb_module et_block_module preset--group--divi-text--divi-box-shadow--default preset--group--divi-text--divi-font-body--default\"><div class=\"et_pb_text_inner\"><p>Fa\u00e7ade retaining walls are used in the construction industry to ensure the stability and safety of fa\u00e7ades during construction work, especially when renovating and refurbishing buildings. <\/p>\n<\/div><\/div>\n\n<div class=\"et_pb_module et_pb_button_module_wrapper et_pb_button_1_wrapper preset--group--divi-button--divi-box-shadow--default_wrapper preset--module--divi-button--default_wrapper\"><a class=\"et_pb_button_1 et_pb_button et_pb_bg_layout_dark et_pb_module et_block_module preset--group--divi-button--divi-box-shadow--default preset--module--divi-button--default\" href=\"https:\/\/carldora.com\/en\/reforco-estrutural-e-estabilizacao\/\">Learn more<\/a><\/div>\n<\/div>\n\n<div class=\"et_pb_group_2 et_pb_group et_pb_module et_flex_group et_pb_css_mix_blend_mode_passthrough et_animated preset--group--divi-group--divi-box-shadow--default\">\n<div class=\"et_pb_heading_9 et_pb_heading et_pb_module et_block_module preset--group--divi-heading--divi-box-shadow--default\"><div class=\"et_pb_heading_container\"><h3 class=\"et_pb_module_header\">Scaffolding<\/h3><\/div><\/div>\n\n<div class=\"et_pb_text_4 et_pb_text et_pb_bg_layout_dark et_pb_module et_block_module preset--group--divi-text--divi-box-shadow--default preset--group--divi-text--divi-font-body--default\"><div class=\"et_pb_text_inner\"><p>Carldora has developed the Quick E.A.E. multidirectional scaffolding systems, CARL 04 and CARL 02, based on the Quick EAE system used since 1990 in its shoring, stair towers and scaffolding, while maintaining compatibility with each other.<\/p>\n<\/div><\/div>\n\n<div class=\"et_pb_module et_pb_button_module_wrapper et_pb_button_2_wrapper preset--group--divi-button--divi-box-shadow--default_wrapper preset--module--divi-button--default_wrapper\"><a class=\"et_pb_button_2 et_pb_button et_pb_bg_layout_dark et_pb_module et_block_module preset--group--divi-button--divi-box-shadow--default preset--module--divi-button--default\" href=\"https:\/\/carldora.com\/en\/andaimes\/\">Learn more<\/a><\/div>\n<\/div>\n\n<div class=\"et_pb_group_3 et_pb_group et_pb_module et_flex_group et_pb_css_mix_blend_mode_passthrough et_animated preset--group--divi-group--divi-box-shadow--default\">\n<div class=\"et_pb_heading_10 et_pb_heading et_pb_module et_block_module preset--group--divi-heading--divi-box-shadow--default\"><div class=\"et_pb_heading_container\"><h3 class=\"et_pb_module_header\">Trenching systems<\/h3><\/div><\/div>\n\n<div class=\"et_pb_text_5 et_pb_text et_pb_bg_layout_dark et_pb_module et_block_module preset--group--divi-text--divi-box-shadow--default preset--group--divi-text--divi-font-body--default\"><div class=\"et_pb_text_inner\"><p>The trench anchoring system is used to support the trench walls and prevent collapse during excavation.<\/p>\n<\/div><\/div>\n\n<div class=\"et_pb_module et_pb_button_module_wrapper et_pb_button_3_wrapper preset--group--divi-button--divi-box-shadow--default_wrapper preset--module--divi-button--default_wrapper\"><a class=\"et_pb_button_3 et_pb_button et_pb_bg_layout_dark et_pb_module et_block_module preset--group--divi-button--divi-box-shadow--default preset--module--divi-button--default\" href=\"https:\/\/carldora.com\/en\/sistemas-de-entivacao-de-valas\/\">Learn more<\/a><\/div>\n<\/div>\n\n<div class=\"et_pb_group_4 et_pb_group et-last-child et_pb_module et_flex_group et_pb_css_mix_blend_mode_passthrough et_animated preset--group--divi-group--divi-box-shadow--default\">\n<div class=\"et_pb_heading_11 et_pb_heading et_pb_module et_block_module preset--group--divi-heading--divi-box-shadow--default\"><div class=\"et_pb_heading_container\"><h3 class=\"et_pb_module_header\">Special structures<\/h3><\/div><\/div>\n\n<div class=\"et_pb_text_6 et_pb_text et_pb_bg_layout_dark et_pb_module et_block_module preset--group--divi-text--divi-box-shadow--default preset--group--divi-text--divi-font-body--default\"><div class=\"et_pb_text_inner\"><p>Special structures in the construction industry are designed for specific functions that do not fall into traditional categories such as scaffolding, shoring or trenching.<\/p>\n<\/div><\/div>\n\n<div class=\"et_pb_module et_pb_button_module_wrapper et_pb_button_4_wrapper preset--group--divi-button--divi-box-shadow--default_wrapper preset--module--divi-button--default_wrapper\"><a class=\"et_pb_button_4 et_pb_button et_pb_bg_layout_dark et_pb_module et_block_module preset--group--divi-button--divi-box-shadow--default preset--module--divi-button--default\" href=\"https:\/\/carldora.com\/en\/special-structures\/\">Learn more<\/a><\/div>\n<\/div>\n<\/div>\n<\/div>\n<\/div>\n\n<div class=\"et_pb_section_5 et_pb_section et_section_regular et_flex_section et_pb_section_parallax preset--group--divi-section--divi-box-shadow--default\"><span class=\"et-pb-parallax-wrapper\"><span class=\"et-pb-parallax-background et-pb-parallax-background--css et-pb-parallax-background-module--divi-section-5\" style=\"background-image:url(https:\/\/carldora.com\/wp-content\/uploads\/2024\/12\/cast-iron-formwork-for-large-concrete-columns-stru-2023-11-27-05-24-11-utc-PB.jpg)\"><\/span><span class=\"et_parallax_gradient et_pb_parallax_css\" style=\"background-image:linear-gradient(25deg, rgba(77, 34, 0, 0.85) 10%,rgba(77, 34, 0, 0.45) 99% 110%)\"><\/span><\/span><div class=\"et_pb_row_7 et_pb_row et_flex_row preset--group--divi-row--divi-box-shadow--default\"><div class=\"et_pb_column_7 et_pb_column et-last-child et_flex_column et_pb_css_mix_blend_mode_passthrough et_flex_column_24_24 et_flex_column_24_24_tablet et_flex_column_24_24_phone preset--group--divi-column--divi-box-shadow--default\"><div class=\"et_pb_cta_0 et_pb_promo et_pb_bg_layout_dark et_pb_module et_flex_module preset--group--divi-cta--divi-box-shadow--default preset--group--divi-cta--divi-font-body--default\"><div class=\"et_pb_promo_description\"><h2 class=\"et_pb_module_header\">Quality solutions, tested and certified<\/h2><div class=\"et_pb_promo_content\"><p style=\"text-align: center;\">We develop customised solutions, guaranteeing the best response to the needs of each project. We design, build and assemble structures anywhere in the world.<\/p>\n<\/div><\/div><div class=\"et_pb_button_wrapper\"><a class=\"et_pb_button et_pb_promo_button\" href=\"https:\/\/carldora.com\/en\/contacts\/\">Request a quote<\/a><\/div><\/div><\/div><\/div><\/div>","protected":false},"excerpt":{"rendered":"","protected":false},"author":1,"featured_media":1376291,"parent":0,"menu_order":0,"comment_status":"closed","ping_status":"closed","template":"","meta":{"_acf_changed":false,"_vp_format_video_url":"","_vp_image_focal_point":[],"footnotes":""},"class_list":["post-1376290","page","type-page","status-publish","has-post-thumbnail","hentry"],"acf":[],"yoast_head":"<!-- This site is optimized with the Yoast SEO plugin v27.1.1 - https:\/\/yoast.com\/product\/yoast-seo-wordpress\/ -->\n<title>Solu\u00e7\u00f5es - CARLDORA<\/title>\n<meta name=\"robots\" content=\"index, follow, max-snippet:-1, max-image-preview:large, max-video-preview:-1\" \/>\n<link rel=\"canonical\" href=\"https:\/\/carldora.com\/en\/solutions\/\" \/>\n<meta property=\"og:locale\" content=\"en_GB\" \/>\n<meta property=\"og:type\" content=\"article\" \/>\n<meta property=\"og:title\" content=\"Solu\u00e7\u00f5es - CARLDORA\" \/>\n<meta property=\"og:url\" content=\"https:\/\/carldora.com\/en\/solutions\/\" \/>\n<meta property=\"og:site_name\" content=\"CARLDORA\" \/>\n<meta property=\"article:modified_time\" content=\"2026-03-09T11:29:48+00:00\" \/>\n<meta property=\"og:image\" content=\"https:\/\/carldora.com\/wp-content\/uploads\/2024\/12\/placeholder-foto.png\" \/>\n\t<meta property=\"og:image:width\" content=\"1920\" \/>\n\t<meta property=\"og:image:height\" content=\"1280\" \/>\n\t<meta property=\"og:image:type\" content=\"image\/png\" \/>\n<meta name=\"twitter:card\" content=\"summary_large_image\" \/>\n<script type=\"application\/ld+json\" class=\"yoast-schema-graph\">{\"@context\":\"https:\/\/schema.org\",\"@graph\":[{\"@type\":\"WebPage\",\"@id\":\"https:\/\/carldora.com\/solucoes\/\",\"url\":\"https:\/\/carldora.com\/solucoes\/\",\"name\":\"Solu\u00e7\u00f5es - CARLDORA\",\"isPartOf\":{\"@id\":\"https:\/\/carldora.com\/#website\"},\"primaryImageOfPage\":{\"@id\":\"https:\/\/carldora.com\/solucoes\/#primaryimage\"},\"image\":{\"@id\":\"https:\/\/carldora.com\/solucoes\/#primaryimage\"},\"thumbnailUrl\":\"https:\/\/carldora.com\/wp-content\/uploads\/2024\/12\/placeholder-foto.png\",\"datePublished\":\"2024-12-02T17:40:53+00:00\",\"dateModified\":\"2026-03-09T11:29:48+00:00\",\"breadcrumb\":{\"@id\":\"https:\/\/carldora.com\/solucoes\/#breadcrumb\"},\"inLanguage\":\"en-GB\",\"potentialAction\":[{\"@type\":\"ReadAction\",\"target\":[\"https:\/\/carldora.com\/solucoes\/\"]}]},{\"@type\":\"ImageObject\",\"inLanguage\":\"en-GB\",\"@id\":\"https:\/\/carldora.com\/solucoes\/#primaryimage\",\"url\":\"https:\/\/carldora.com\/wp-content\/uploads\/2024\/12\/placeholder-foto.png\",\"contentUrl\":\"https:\/\/carldora.com\/wp-content\/uploads\/2024\/12\/placeholder-foto.png\",\"width\":1920,\"height\":1280},{\"@type\":\"BreadcrumbList\",\"@id\":\"https:\/\/carldora.com\/solucoes\/#breadcrumb\",\"itemListElement\":[{\"@type\":\"ListItem\",\"position\":1,\"name\":\"In\u00edcio\",\"item\":\"https:\/\/carldora.com\/\"},{\"@type\":\"ListItem\",\"position\":2,\"name\":\"Solu\u00e7\u00f5es\"}]},{\"@type\":\"WebSite\",\"@id\":\"https:\/\/carldora.com\/#website\",\"url\":\"https:\/\/carldora.com\/\",\"name\":\"CARLDORA\",\"description\":\"Pioneiros em Portugal no fabrico de Cofragens, Andaimes, Escoramentos, Entiva\u00e7\u00f5es de Valas e Estruturas Especiais.\",\"potentialAction\":[{\"@type\":\"SearchAction\",\"target\":{\"@type\":\"EntryPoint\",\"urlTemplate\":\"https:\/\/carldora.com\/?s={search_term_string}\"},\"query-input\":{\"@type\":\"PropertyValueSpecification\",\"valueRequired\":true,\"valueName\":\"search_term_string\"}}],\"inLanguage\":\"en-GB\"}]}<\/script>\n<!-- \/ Yoast SEO plugin. -->","yoast_head_json":{"title":"Solutions - CARLDORA","robots":{"index":"index","follow":"follow","max-snippet":"max-snippet:-1","max-image-preview":"max-image-preview:large","max-video-preview":"max-video-preview:-1"},"canonical":"https:\/\/carldora.com\/en\/solutions\/","og_locale":"en_GB","og_type":"article","og_title":"Solu\u00e7\u00f5es - CARLDORA","og_url":"https:\/\/carldora.com\/en\/solutions\/","og_site_name":"CARLDORA","article_modified_time":"2026-03-09T11:29:48+00:00","og_image":[{"width":1920,"height":1280,"url":"https:\/\/carldora.com\/wp-content\/uploads\/2024\/12\/placeholder-foto.png","type":"image\/png"}],"twitter_card":"summary_large_image","schema":{"@context":"https:\/\/schema.org","@graph":[{"@type":"WebPage","@id":"https:\/\/carldora.com\/solucoes\/","url":"https:\/\/carldora.com\/solucoes\/","name":"Solutions - CARLDORA","isPartOf":{"@id":"https:\/\/carldora.com\/#website"},"primaryImageOfPage":{"@id":"https:\/\/carldora.com\/solucoes\/#primaryimage"},"image":{"@id":"https:\/\/carldora.com\/solucoes\/#primaryimage"},"thumbnailUrl":"https:\/\/carldora.com\/wp-content\/uploads\/2024\/12\/placeholder-foto.png","datePublished":"2024-12-02T17:40:53+00:00","dateModified":"2026-03-09T11:29:48+00:00","breadcrumb":{"@id":"https:\/\/carldora.com\/solucoes\/#breadcrumb"},"inLanguage":"en-GB","potentialAction":[{"@type":"ReadAction","target":["https:\/\/carldora.com\/solucoes\/"]}]},{"@type":"ImageObject","inLanguage":"en-GB","@id":"https:\/\/carldora.com\/solucoes\/#primaryimage","url":"https:\/\/carldora.com\/wp-content\/uploads\/2024\/12\/placeholder-foto.png","contentUrl":"https:\/\/carldora.com\/wp-content\/uploads\/2024\/12\/placeholder-foto.png","width":1920,"height":1280},{"@type":"BreadcrumbList","@id":"https:\/\/carldora.com\/solucoes\/#breadcrumb","itemListElement":[{"@type":"ListItem","position":1,"name":"In\u00edcio","item":"https:\/\/carldora.com\/"},{"@type":"ListItem","position":2,"name":"Solu\u00e7\u00f5es"}]},{"@type":"WebSite","@id":"https:\/\/carldora.com\/#website","url":"https:\/\/carldora.com\/","name":"CARLDORA","description":"Pioneiros em Portugal no fabrico de Cofragens, Andaimes, Escoramentos, Entiva\u00e7\u00f5es de Valas e Estruturas Especiais.","potentialAction":[{"@type":"SearchAction","target":{"@type":"EntryPoint","urlTemplate":"https:\/\/carldora.com\/?s={search_term_string}"},"query-input":{"@type":"PropertyValueSpecification","valueRequired":true,"valueName":"search_term_string"}}],"inLanguage":"en-GB"}]}},"_links":{"self":[{"href":"https:\/\/carldora.com\/en\/wp-json\/wp\/v2\/pages\/1376290","targetHints":{"allow":["GET"]}}],"collection":[{"href":"https:\/\/carldora.com\/en\/wp-json\/wp\/v2\/pages"}],"about":[{"href":"https:\/\/carldora.com\/en\/wp-json\/wp\/v2\/types\/page"}],"author":[{"embeddable":true,"href":"https:\/\/carldora.com\/en\/wp-json\/wp\/v2\/users\/1"}],"replies":[{"embeddable":true,"href":"https:\/\/carldora.com\/en\/wp-json\/wp\/v2\/comments?post=1376290"}],"version-history":[{"count":95,"href":"https:\/\/carldora.com\/en\/wp-json\/wp\/v2\/pages\/1376290\/revisions"}],"predecessor-version":[{"id":1382124,"href":"https:\/\/carldora.com\/en\/wp-json\/wp\/v2\/pages\/1376290\/revisions\/1382124"}],"wp:featuredmedia":[{"embeddable":true,"href":"https:\/\/carldora.com\/en\/wp-json\/wp\/v2\/media\/1376291"}],"wp:attachment":[{"href":"https:\/\/carldora.com\/en\/wp-json\/wp\/v2\/media?parent=1376290"}],"curies":[{"name":"wp","href":"https:\/\/api.w.org\/{rel}","templated":true}]}}