{"id":1376195,"date":"2024-11-25T17:12:17","date_gmt":"2024-11-25T17:12:17","guid":{"rendered":"https:\/\/carldora.slideshow.com.pt\/?page_id=1376195"},"modified":"2026-03-08T22:50:29","modified_gmt":"2026-03-08T22:50:29","slug":"inicio","status":"publish","type":"page","link":"https:\/\/carldora.com\/en\/","title":{"rendered":"In\u00edcio"},"content":{"rendered":"<div class=\"et_pb_section_0 et_pb_section et_pb_fullwidth_section et_section_regular et_block_section et-pb-has-background-video et_pb_preload section_has_divider et_pb_bottom_divider preset--group--divi-section--divi-box-shadow--default\"><span class=\"et-pb-background-video et_pb_allow_player_pause\"><video autoplay loop playsinline muted><source type=\"video\/mp4\" src=\"https:\/\/carldora.com\/wp-content\/uploads\/2025\/02\/carldora_intro_site_net.mp4\" \/><source type=\"video\/webm\" src=\"https:\/\/carldora.com\/wp-content\/uploads\/2025\/02\/carldora_intro_site_net.webm\" \/><\/video><\/span><span class=\"et_pb_background_pattern\"><\/span>\n<section class=\"et_pb_fullwidth_header_0 et_pb_fullwidth_header et_pb_fullscreen et_pb_bg_layout_dark et_pb_text_align_left et_pb_module et_flex_module preset--group--divi-fullwidth-header--divi-box-shadow--default preset--group--divi-fullwidth-header--divi-font-body--default\"><div class=\"et_pb_fullwidth_header_container left\"><div class=\"header-content-container center\"><div class=\"header-content et_flex_module\"><div class=\"et_pb_header_content_wrapper\" data-et-mv-hidden-tablet=\"true\" data-et-mv-hidden-phone=\"true\"><h1 style=\"font-size: 75pt;\">Foundation<br \/>\nof the great<br \/>\nworks<\/h1>\n<h2>We conceive | We design | We manufacture<\/h3>\n<\/div><div class=\"et_pb_header_button_wrapper\"><\/div><\/div><\/div><\/div><div class=\"et_pb_fullwidth_header_overlay\"><\/div><div class=\"et_pb_fullwidth_header_scroll\"><a class=\"scroll-down-container\" href=\"#\"><span class=\"scroll-down et-pb-icon\">7<\/span><\/a><\/div><\/section>\n<div class=\"et_pb_bottom_inside_divider et-no-transition\"><\/div><\/div>\n\n<div class=\"et_pb_section_1 et_pb_section et_section_regular et_block_section preset--group--divi-section--divi-box-shadow--default\" id=\"desde1976\">\n<div class=\"et_pb_row_0 et_pb_row et_block_row preset--group--divi-row--divi-box-shadow--default\">\n<div class=\"et_pb_column_0 et_pb_column et_pb_column_4_4 et-last-child et_block_column et_pb_css_mix_blend_mode_passthrough preset--group--divi-column--divi-box-shadow--default\">\n<div class=\"et_pb_heading_0 et_pb_heading et_pb_module et_block_module preset--group--divi-heading--divi-box-shadow--default\"><div class=\"et_pb_heading_container\"><h1 class=\"et_pb_module_header\">Since 1976<\/h1><\/div><\/div>\n\n<div class=\"et_pb_text_0 et_pb_text et_pb_bg_layout_dark et_pb_module et_block_module preset--group--divi-text--divi-box-shadow--default preset--group--divi-text--divi-font-body--default\"><div class=\"et_pb_text_inner\"><p>We design, engineer and manufacture formwork, scaffolding, shoring, trenching, fa\u00e7ade retaining walls and special structures for civil and public works anywhere in the world.<\/p>\n<\/div><\/div>\n<\/div>\n<\/div>\n\n<div class=\"et_pb_row_1 et_pb_row et_flex_row preset--group--divi-row--divi-box-shadow--default\">\n<div class=\"et_pb_column_1 et_pb_column et-last-child et_flex_column et_pb_css_mix_blend_mode_passthrough et_flex_column_24_24 et_flex_column_24_24_tablet et_flex_column_24_24_phone preset--group--divi-column--divi-box-shadow--default\">\n<div class=\"et_pb_cta_0 et_pb_promo et_pb_bg_layout_dark et_clickable et_pb_module et_block_module preset--group--divi-cta--divi-box-shadow--default preset--group--divi-cta--divi-font-body--default\"><div class=\"et_pb_promo_description\"><h2 class=\"et_pb_module_header\">Our works<\/h2><\/div><div class=\"et_pb_button_wrapper\"><a class=\"et_pb_button et_pb_promo_button\" href=\"https:\/\/carldora.com\/en\/carldora-in-the-world\/\">Carldora in the world<\/a><\/div><\/div>\n\n<div class=\"et_pb_cta_1 et_pb_promo et_pb_bg_layout_dark et_clickable et_pb_module et_block_module preset--group--divi-cta--divi-box-shadow--default preset--group--divi-cta--divi-font-body--default\"><div class=\"et_pb_promo_description\"><h2 class=\"et_pb_module_header\">Customised projects<\/h2><\/div><div class=\"et_pb_button_wrapper\"><a class=\"et_pb_button et_pb_promo_button\" href=\"https:\/\/carldora.com\/en\/solutions\/\">Solutions<\/a><\/div><\/div>\n\n<div class=\"et_pb_cta_2 et_pb_promo et_pb_bg_layout_dark et_clickable et_pb_module et_block_module preset--group--divi-cta--divi-box-shadow--default preset--group--divi-cta--divi-font-body--default\"><div class=\"et_pb_promo_description\"><h2 class=\"et_pb_module_header\">Carldora Family<\/h2><\/div><div class=\"et_pb_button_wrapper\"><a class=\"et_pb_button et_pb_promo_button\" href=\"https:\/\/carldora.com\/en\/somos-feitos-de-pessoas\/\">Made of people<\/a><\/div><\/div>\n<\/div>\n<\/div>\n<\/div>\n\n<div class=\"et_pb_section_2 et_pb_section et_section_regular et_block_section preset--group--divi-section--divi-box-shadow--default\"><span class=\"et_pb_background_pattern\"><\/span>\n<div class=\"et_pb_row_2 et_pb_row et_flex_row preset--group--divi-row--divi-box-shadow--default\">\n<div class=\"et_pb_column_2 et_pb_column et-last-child et_flex_column et_pb_css_mix_blend_mode_passthrough et_flex_column_24_24 et_flex_column_24_24_tablet et_flex_column_24_24_phone preset--group--divi-column--divi-box-shadow--default\">\n<div class=\"et_pb_divider_0 et_pb_divider et_pb_space et_pb_divider_position_bottom et_pb_module preset--group--divi-divider--divi-box-shadow--default\"><div class=\"et_pb_divider_internal\"><\/div><\/div>\n\n<div class=\"et_pb_heading_1 et_pb_heading et_pb_module et_block_module preset--group--divi-heading--divi-box-shadow--default\"><div class=\"et_pb_heading_container\"><h2 class=\"et_pb_module_header\">Latest news<\/h2><\/div><\/div>\n\n<div class=\"et_pb_divider_1 et_pb_divider et_pb_space et_pb_divider_position_bottom et_pb_module preset--group--divi-divider--divi-box-shadow--default\"><div class=\"et_pb_divider_internal\"><\/div><\/div>\n<\/div>\n<\/div>\n\n<div class=\"et_pb_row_3 et_pb_row et_flex_row preset--group--divi-row--divi-box-shadow--default\">\n<div class=\"et_pb_column_3 et_pb_column et-last-child et_flex_column et_pb_css_mix_blend_mode_passthrough et_flex_column_24_24 et_flex_column_24_24_tablet et_flex_column_24_24_phone preset--group--divi-column--divi-box-shadow--default\">\n<div class=\"et_pb_blog_0 et_pb_blog et_pb_bg_layout_light et_pb_posts et_pb_module preset--group--divi-blog--divi-box-shadow--default preset--group--divi-blog--divi-font-body--default\"><div class=\"et_pb_ajax_pagination_container\"><div class=\"et_pb_posts et_grid_module\"><article class=\"et_pb_post et_pb_post_id_1381974 clearfix et_pb_has_overlay et_pb_blog_item_0_0 post-1381974 post type-post status-publish format-standard has-post-thumbnail hentry category-equipa-carldora\"><h4 class=\"entry-title\"><a href=\"https:\/\/carldora.com\/en\/magusto-2025\/\">Magusto: tradi\u00e7\u00e3o, hist\u00f3ria e partilha<\/a><\/h4><p class=\"post-meta\"><span class=\"published\">Nov 11, 2025<\/span> | <span class=\"entry-categories\"><a href=\"https:\/\/carldora.com\/en\/categoria\/equipa-carldora\/\" rel=\"tag\">Carldora team<\/a><\/span><\/p><div class=\"post-content\"><div class=\"post-content-inner\"><p>A celebra\u00e7\u00e3o do Magusto est\u00e1 associada a S\u00e3o Martinho, cuja lenda remonta ao s\u00e9culo IV. Conta-se que, num dia de inverno rigoroso, Martinho dividiu a sua capa com um mendigo que tremia de frio. Ap\u00f3s este gesto de compaix\u00e3o, as nuvens abriram-se e o sol surgiu, dando&#8230;<\/p>\n<\/div><a href=\"https:\/\/carldora.com\/en\/magusto-2025\/\" class=\"more-link\">read more<\/a><\/div><\/article><article class=\"et_pb_post et_pb_post_id_1378131 clearfix et_pb_has_overlay et_pb_blog_item_0_1 post-1378131 post type-post status-publish format-standard hentry category-uncategorized\"><h4 class=\"entry-title\"><a href=\"https:\/\/carldora.com\/en\/pontes-viadutos-e-tuneis\/\">Bridges, Viaducts and Tunnels<\/a><\/h4><p class=\"post-meta\"><span class=\"published\">Sep 9, 2025<\/span> | <span class=\"entry-categories\"><a href=\"https:\/\/carldora.com\/en\/categoria\/uncategorized\/\" rel=\"tag\">Uncategorized<\/a><\/span><\/p><div class=\"post-content\"><div class=\"post-content-inner\"><\/div><a href=\"https:\/\/carldora.com\/en\/pontes-viadutos-e-tuneis\/\" class=\"more-link\">read more<\/a><\/div><\/article><article class=\"et_pb_post et_pb_post_id_1381945 clearfix et_pb_has_overlay et_pb_blog_item_0_2 post-1381945 post type-post status-publish format-standard has-post-thumbnail hentry category-equipa-carldora\"><h4 class=\"entry-title\"><a href=\"https:\/\/carldora.com\/en\/convivio-castelo-do-bode-2025\/\">Conv\u00edvio de Castelo de Bode<\/a><\/h4><p class=\"post-meta\"><span class=\"published\">Aug 9, 2025<\/span> | <span class=\"entry-categories\"><a href=\"https:\/\/carldora.com\/en\/categoria\/equipa-carldora\/\" rel=\"tag\">Carldora team<\/a><\/span><\/p><div class=\"post-content\"><div class=\"post-content-inner\"><p>Em pleno agosto, no auge do ver\u00e3o e antes do in\u00edcio das f\u00e9rias, mantivemos a tradi\u00e7\u00e3o do nosso encontro anual na barragem de Castelo de Bode. Foi um momento alegre de conv\u00edvio e descontra\u00e7\u00e3o da rotina, onde celebramos as metas alcan\u00e7adas nos dois primeiros trimestres&#8230;<\/p>\n<\/div><a href=\"https:\/\/carldora.com\/en\/convivio-castelo-do-bode-2025\/\" class=\"more-link\">read more<\/a><\/div><\/article><article class=\"et_pb_post et_pb_post_id_1381903 clearfix et_pb_has_overlay et_pb_blog_item_0_3 post-1381903 post type-post status-publish format-standard has-post-thumbnail hentry category-equipa-carldora\"><h4 class=\"entry-title\"><a href=\"https:\/\/carldora.com\/en\/formacao-soldadura\/\">Forma\u00e7\u00e3o em soldadura<\/a><\/h4><p class=\"post-meta\"><span class=\"published\">Feb 10, 2025<\/span> | <span class=\"entry-categories\"><a href=\"https:\/\/carldora.com\/en\/categoria\/equipa-carldora\/\" rel=\"tag\">Carldora team<\/a><\/span><\/p><div class=\"post-content\"><div class=\"post-content-inner\"><p>Valorizamos o saber t\u00e9cnico e o crescimento da nossa equipa. Em fevereiro, realiz\u00e1mos um ciclo de forma\u00e7\u00e3o e actualiza\u00e7\u00e3o t\u00e9cnica em soldadura, no qual participaram os nossos soldadores, bem como colaboradores que manifestaram interesse em aprender esta compet\u00eancia&#8230;<\/p>\n<\/div><a href=\"https:\/\/carldora.com\/en\/formacao-soldadura\/\" class=\"more-link\">read more<\/a><\/div><\/article><\/div><\/div><\/div>\n<\/div>\n<\/div>\n<\/div>\n\n<div class=\"et_pb_section_3 et_pb_section et_section_regular et_flex_section et_pb_section_parallax preset--group--divi-section--divi-box-shadow--default\"><span class=\"et-pb-parallax-wrapper\"><span class=\"et-pb-parallax-background et-pb-parallax-background--css et-pb-parallax-background-module--divi-section-3\" style=\"background-image:url(https:\/\/carldora.com\/wp-content\/uploads\/2025\/04\/banner_newsletter.webp)\"><\/span><span class=\"et_parallax_gradient et_pb_parallax_css\" style=\"background-image:linear-gradient(25deg, rgba(77, 34, 0, 0.85) 10%,rgba(77, 34, 0, 0.45) 99% 110%)\"><\/span><\/span><div class=\"et_pb_row_4 et_pb_row et_flex_row preset--group--divi-row--divi-box-shadow--default\"><div class=\"et_pb_column_4 et_pb_column et-last-child et_flex_column et_pb_css_mix_blend_mode_passthrough et_flex_column_24_24 et_flex_column_24_24_tablet et_flex_column_24_24_phone preset--group--divi-column--divi-box-shadow--default\"><div class=\"et_pb_group_0 et_pb_group et_pb_module et_flex_group et_pb_css_mix_blend_mode_passthrough preset--group--divi-group--divi-box-shadow--default\"><div class=\"et_pb_heading_2 et_pb_heading et_pb_module et_block_module preset--group--divi-heading--divi-box-shadow--default\"><div class=\"et_pb_heading_container\"><h1 class=\"et_pb_module_header\">Follow our journey. Subscribe to our newsletter<\/h1><\/div><\/div><div class=\"et_pb_text_1 et_pb_text et_pb_bg_layout_dark et_pb_module et_block_module preset--group--divi-text--divi-box-shadow--default preset--group--divi-text--divi-font-body--default\"><div class=\"et_pb_text_inner\"><p style=\"text-align: left;\">Submit your details and subscribe to our newsletter. Receive first-hand information on the projects, solutions and causes we embrace, which transform us as a company made up of people.<\/p>\n<\/div><\/div><\/div><div class=\"et_pb_contact_form_0 et_pb_contact_form_container clearfix et_pb_module et_flex_module preset--group--divi-contact-form--divi-box-shadow--default divi_contact_form_helper_0\" data-form_unique_num=\"0\" data-form_unique_id=\"f298e706-9136-4a24-8091-28f49b1ae290\" id=\"et_pb_contact_form_f298e706-9136-4a24-8091-28f49b1ae290\" data-form-config='{\"required_fields_text\":\"Necessita de preencher os seguintes campos:\",\"field_error_text\":\"Agradecemos que corrija os seguintes erros:\",\"invalid_email_text\":\"Please enter a valid email address.\",\"required_captcha_text\":\"Please complete the CAPTCHA.\",\"wrong_captcha_text\":\"There was a problem with the captcha verification.\",\"contactFormId\":\"f298e706-9136-4a24-8091-28f49b1ae290\"}'><span class=\"et_pb_contact_spinner\"><\/span><div class=\"et-pb-contact-message\"><\/div><div class=\"et_pb_contact\"><form class=\"et_pb_contact_form et_flex_module\" method=\"post\" action=\"https:\/\/carldora.com\/en\/wp-json\/wp\/v2\/pages\/1376195\" data-trp-original-action=\"https:\/\/carldora.com\/en\/wp-json\/wp\/v2\/pages\/1376195\"><div class=\"et_pb_contact_field_0 et_pb_contact_field et_pb_module et_flex_module et_flex_column_24_24 et_flex_column_24_24_tablet et_flex_column_24_24_phone preset--group--divi-contact-field--divi-box-shadow--default\" data-id=\"nome\" data-type=\"input\"><label class=\"et_pb_contact_form_label\" for=\"et_pb_contact_0_nome_0\">Name<\/label><input type=\"text\" name=\"et_pb_contact_0_nome_0\" id=\"et_pb_contact_0_nome_0\" class=\"input\" data-required_mark=\"required\" data-field_type=\"input\" data-original_id=\"nome\" placeholder=\"Name *\" title=\"\" value=\"\" aria-required=\"true\"><\/div>\n<div class=\"et_pb_contact_field_1 et_pb_contact_field et_pb_module et_flex_module et_flex_column_24_24 et_flex_column_24_24_tablet et_flex_column_24_24_phone preset--group--divi-contact-field--divi-box-shadow--default\" data-id=\"email\" data-type=\"email\"><label class=\"et_pb_contact_form_label\" for=\"et_pb_contact_0_email_1\">Email<\/label><input type=\"text\" name=\"et_pb_contact_0_email_1\" id=\"et_pb_contact_0_email_1\" class=\"input\" data-required_mark=\"required\" data-field_type=\"email\" data-original_id=\"email\" placeholder=\"Email *\" title=\"\" value=\"\" aria-required=\"true\"><\/div>\n<div class=\"et_pb_contact_field_2 et_pb_contact_field et_pb_module et_flex_module et_flex_column_24_24 et_flex_column_24_24_tablet et_flex_column_24_24_phone preset--group--divi-contact-field--divi-box-shadow--default\" data-id=\"rgpd\" data-type=\"checkbox\"><label class=\"et_pb_contact_form_label\">Tratamento de dados <\/label><input type=\"hidden\" name=\"et_pb_contact_0_rgpd_2\" class=\"et_pb_checkbox_handle\" data-required_mark=\"required\" data-field_type=\"checkbox\" data-original_id=\"rgpd\"><span class=\"et_pb_contact_field_options_wrapper\"><span class=\"et_pb_contact_field_options_title\">Tratamento de dados <\/span><span class=\"et_pb_contact_field_options_list\"><span class=\"et_pb_contact_field_checkbox\"><input type=\"checkbox\" id=\"et_pb_contact_0_rgpd_2_0\" class=\"input\" value=\"Ao subscrever declaro que li e aceito a Pol&iacute;tica de Privacidade e os Termos e Condi&ccedil;&otilde;es. Consultar \" data-required_mark=\"required\" data-field_type=\"checkbox\" data-original_id=\"rgpd\"><label for=\"et_pb_contact_0_rgpd_2_0\"><i><\/i>Ao subscrever declaro que li e aceito a Pol&iacute;tica de Privacidade e os Termos e Condi&ccedil;&otilde;es. Consultar  <a target=\"_blank\" href=\"https:\/\/carldora.com\/en\/politica-de-privacidade\/\">aqui<\/a><\/label><\/span><\/span><\/span><\/div>\n<input type=\"hidden\" name=\"et_pb_contactform_submit_f298e706-9136-4a24-8091-28f49b1ae290\" value=\"et_contact_proccess\"><div class=\"et_contact_bottom_container\"><div class=\"et_pb_contact_right et_pb_contact_field\"><p class=\"clearfix\"><span class=\"et_pb_contact_captcha_question\">5 + 1<\/span> = <input type=\"text\" size=\"2\" class=\"input et_pb_contact_captcha\" data-first_digit=\"5\" data-second_digit=\"1\" data-required_mark=\"required\" name=\"et_pb_contact_captcha_f298e706-9136-4a24-8091-28f49b1ae290\" autocomplete=\"off\"><\/p><\/div><div class=\"et_pb_button_wrapper\"><button type=\"submit\" name=\"et_builder_submit_button\" class=\"et_pb_button et_pb_contact_submit\" data-wait-text=\"Aguarde um momento...\">Subscribe<\/button><\/div><\/div><input type=\"hidden\" id=\"_wpnonce-et-pb-contact-form-submitted-f298e706-9136-4a24-8091-28f49b1ae290\" name=\"_wpnonce-et-pb-contact-form-submitted-f298e706-9136-4a24-8091-28f49b1ae290\" value=\"b05546159e\"><input type=\"hidden\" name=\"_wp_http_referer\" value=\"\/en\/wp-json\/wp\/v2\/pages\/1376195\"><input type=\"hidden\" readonly inputmode=\"none\" name=\"et_pb_contact_field_referer_url\" value=\"\"><input type=\"hidden\" name=\"trp-form-language\" value=\"en\"\/><\/form><\/div><div class=\"et_pb_contact_form_overlay\"><div class=\"et_pb_contact_form_loader_spinner\"><\/div><\/div><\/div>\n<\/div><\/div><\/div>","protected":false},"excerpt":{"rendered":"","protected":false},"author":1,"featured_media":1377432,"parent":0,"menu_order":0,"comment_status":"closed","ping_status":"closed","template":"","meta":{"_acf_changed":false,"_vp_format_video_url":"","_vp_image_focal_point":[],"footnotes":""},"class_list":["post-1376195","page","type-page","status-publish","has-post-thumbnail","hentry"],"acf":[],"yoast_head":"<!-- This site is optimized with the Yoast SEO plugin v27.1.1 - https:\/\/yoast.com\/product\/yoast-seo-wordpress\/ -->\n<title>In\u00edcio - CARLDORA<\/title>\n<meta name=\"robots\" content=\"index, follow, max-snippet:-1, max-image-preview:large, max-video-preview:-1\" \/>\n<link rel=\"canonical\" href=\"https:\/\/carldora.com\/en\/\" \/>\n<meta property=\"og:locale\" content=\"en_GB\" \/>\n<meta property=\"og:type\" content=\"article\" \/>\n<meta property=\"og:title\" content=\"In\u00edcio - CARLDORA\" \/>\n<meta property=\"og:url\" content=\"https:\/\/carldora.com\/en\/\" \/>\n<meta property=\"og:site_name\" content=\"CARLDORA\" \/>\n<meta property=\"article:modified_time\" content=\"2026-03-08T22:50:29+00:00\" \/>\n<meta name=\"twitter:card\" content=\"summary_large_image\" \/>\n<script type=\"application\/ld+json\" class=\"yoast-schema-graph\">{\"@context\":\"https:\/\/schema.org\",\"@graph\":[{\"@type\":\"WebPage\",\"@id\":\"https:\/\/carldora.com\/\",\"url\":\"https:\/\/carldora.com\/\",\"name\":\"In\u00edcio - CARLDORA\",\"isPartOf\":{\"@id\":\"https:\/\/carldora.com\/#website\"},\"primaryImageOfPage\":{\"@id\":\"https:\/\/carldora.com\/#primaryimage\"},\"image\":{\"@id\":\"https:\/\/carldora.com\/#primaryimage\"},\"thumbnailUrl\":\"https:\/\/carldora.com\/wp-content\/uploads\/2025\/04\/fachada_carldora_3d.webp\",\"datePublished\":\"2024-11-25T17:12:17+00:00\",\"dateModified\":\"2026-03-08T22:50:29+00:00\",\"breadcrumb\":{\"@id\":\"https:\/\/carldora.com\/#breadcrumb\"},\"inLanguage\":\"en-GB\",\"potentialAction\":[{\"@type\":\"ReadAction\",\"target\":[\"https:\/\/carldora.com\/\"]}]},{\"@type\":\"ImageObject\",\"inLanguage\":\"en-GB\",\"@id\":\"https:\/\/carldora.com\/#primaryimage\",\"url\":\"https:\/\/carldora.com\/wp-content\/uploads\/2025\/04\/fachada_carldora_3d.webp\",\"contentUrl\":\"https:\/\/carldora.com\/wp-content\/uploads\/2025\/04\/fachada_carldora_3d.webp\",\"width\":1920,\"height\":1080},{\"@type\":\"BreadcrumbList\",\"@id\":\"https:\/\/carldora.com\/#breadcrumb\",\"itemListElement\":[{\"@type\":\"ListItem\",\"position\":1,\"name\":\"In\u00edcio\",\"item\":\"https:\/\/carldora.com\/\"},{\"@type\":\"ListItem\",\"position\":2,\"name\":\"In\u00edcio\"}]},{\"@type\":\"WebSite\",\"@id\":\"https:\/\/carldora.com\/#website\",\"url\":\"https:\/\/carldora.com\/\",\"name\":\"CARLDORA\",\"description\":\"Pioneiros em Portugal no fabrico de Cofragens, Andaimes, Escoramentos, Entiva\u00e7\u00f5es de Valas e Estruturas Especiais.\",\"potentialAction\":[{\"@type\":\"SearchAction\",\"target\":{\"@type\":\"EntryPoint\",\"urlTemplate\":\"https:\/\/carldora.com\/?s={search_term_string}\"},\"query-input\":{\"@type\":\"PropertyValueSpecification\",\"valueRequired\":true,\"valueName\":\"search_term_string\"}}],\"inLanguage\":\"en-GB\"}]}<\/script>\n<!-- \/ Yoast SEO plugin. -->","yoast_head_json":{"title":"Home - CARLDORA","robots":{"index":"index","follow":"follow","max-snippet":"max-snippet:-1","max-image-preview":"max-image-preview:large","max-video-preview":"max-video-preview:-1"},"canonical":"https:\/\/carldora.com\/en\/","og_locale":"en_GB","og_type":"article","og_title":"In\u00edcio - CARLDORA","og_url":"https:\/\/carldora.com\/en\/","og_site_name":"CARLDORA","article_modified_time":"2026-03-08T22:50:29+00:00","twitter_card":"summary_large_image","schema":{"@context":"https:\/\/schema.org","@graph":[{"@type":"WebPage","@id":"https:\/\/carldora.com\/","url":"https:\/\/carldora.com\/","name":"Home - CARLDORA","isPartOf":{"@id":"https:\/\/carldora.com\/#website"},"primaryImageOfPage":{"@id":"https:\/\/carldora.com\/#primaryimage"},"image":{"@id":"https:\/\/carldora.com\/#primaryimage"},"thumbnailUrl":"https:\/\/carldora.com\/wp-content\/uploads\/2025\/04\/fachada_carldora_3d.webp","datePublished":"2024-11-25T17:12:17+00:00","dateModified":"2026-03-08T22:50:29+00:00","breadcrumb":{"@id":"https:\/\/carldora.com\/#breadcrumb"},"inLanguage":"en-GB","potentialAction":[{"@type":"ReadAction","target":["https:\/\/carldora.com\/"]}]},{"@type":"ImageObject","inLanguage":"en-GB","@id":"https:\/\/carldora.com\/#primaryimage","url":"https:\/\/carldora.com\/wp-content\/uploads\/2025\/04\/fachada_carldora_3d.webp","contentUrl":"https:\/\/carldora.com\/wp-content\/uploads\/2025\/04\/fachada_carldora_3d.webp","width":1920,"height":1080},{"@type":"BreadcrumbList","@id":"https:\/\/carldora.com\/#breadcrumb","itemListElement":[{"@type":"ListItem","position":1,"name":"In\u00edcio","item":"https:\/\/carldora.com\/"},{"@type":"ListItem","position":2,"name":"In\u00edcio"}]},{"@type":"WebSite","@id":"https:\/\/carldora.com\/#website","url":"https:\/\/carldora.com\/","name":"CARLDORA","description":"Pioneiros em Portugal no fabrico de Cofragens, Andaimes, Escoramentos, Entiva\u00e7\u00f5es de Valas e Estruturas Especiais.","potentialAction":[{"@type":"SearchAction","target":{"@type":"EntryPoint","urlTemplate":"https:\/\/carldora.com\/?s={search_term_string}"},"query-input":{"@type":"PropertyValueSpecification","valueRequired":true,"valueName":"search_term_string"}}],"inLanguage":"en-GB"}]}},"_links":{"self":[{"href":"https:\/\/carldora.com\/en\/wp-json\/wp\/v2\/pages\/1376195","targetHints":{"allow":["GET"]}}],"collection":[{"href":"https:\/\/carldora.com\/en\/wp-json\/wp\/v2\/pages"}],"about":[{"href":"https:\/\/carldora.com\/en\/wp-json\/wp\/v2\/types\/page"}],"author":[{"embeddable":true,"href":"https:\/\/carldora.com\/en\/wp-json\/wp\/v2\/users\/1"}],"replies":[{"embeddable":true,"href":"https:\/\/carldora.com\/en\/wp-json\/wp\/v2\/comments?post=1376195"}],"version-history":[{"count":116,"href":"https:\/\/carldora.com\/en\/wp-json\/wp\/v2\/pages\/1376195\/revisions"}],"predecessor-version":[{"id":1382060,"href":"https:\/\/carldora.com\/en\/wp-json\/wp\/v2\/pages\/1376195\/revisions\/1382060"}],"wp:featuredmedia":[{"embeddable":true,"href":"https:\/\/carldora.com\/en\/wp-json\/wp\/v2\/media\/1377432"}],"wp:attachment":[{"href":"https:\/\/carldora.com\/en\/wp-json\/wp\/v2\/media?parent=1376195"}],"curies":[{"name":"wp","href":"https:\/\/api.w.org\/{rel}","templated":true}]}}